{"id":7,"date":"2022-05-09T10:03:01","date_gmt":"2022-05-09T08:03:01","guid":{"rendered":"https:\/\/www.niho.sk\/?page_id=7"},"modified":"2024-12-03T19:11:49","modified_gmt":"2024-12-03T18:11:49","slug":"domov","status":"publish","type":"page","link":"https:\/\/niho.sk\/en\/","title":{"rendered":"Domov"},"content":{"rendered":"<div class=\"jet-listing-grid--blocks  homepage-banner-listing margin-0 homepage_slideshow\"data-element-id=\"b76f3ab9-88e1-47d0-a1e3-baef75271211\"data-listing-type=\"blocks\"data-is-block=\"jet-engine\/listing-grid\"><div class=\"jet-listing-grid jet-listing\"><div class=\"jet-listing-grid__slider slick-lib\" data-slider_options=\"{&quot;autoplaySpeed&quot;:5000,&quot;autoplay&quot;:true,&quot;pauseOnHover&quot;:true,&quot;infinite&quot;:true,&quot;centerMode&quot;:false,&quot;speed&quot;:500,&quot;arrows&quot;:false,&quot;dots&quot;:true,&quot;slidesToScroll&quot;:1,&quot;prevArrow&quot;:&quot;\\u003Cdiv class=\\u0027jet-listing-grid__slider-icon prev-arrow \\u0027 role=\\u0027button\\u0027 aria-label=\\u0027Previous\\u0027\\u003E\\u003Csvg width=\\u0027180\\u0027 height=\\u0027180\\u0027 viewBox=\\u00270 0 180 180\\u0027 fill=\\u0027none\\u0027 xmlns=\\u0027http:\\\/\\\/www.w3.org\\\/2000\\\/svg\\u0027\\u003E\\u003Cpath d=\\u0027M119 47.3166C119 48.185 118.668 48.9532 118.003 49.6212L78.8385 89L118.003 128.379C118.668 129.047 119 129.815 119 130.683C119 131.552 118.668 132.32 118.003 132.988L113.021 137.998C112.356 138.666 111.592 139 110.729 139C109.865 139 109.101 138.666 108.436 137.998L61.9966 91.3046C61.3322 90.6366 61 89.8684 61 89C61 88.1316 61.3322 87.3634 61.9966 86.6954L108.436 40.002C109.101 39.334 109.865 39 110.729 39C111.592 39 112.356 39.334 113.021 40.002L118.003 45.012C118.668 45.68 119 46.4482 119 47.3166Z\\u0027 fill=\\u0027black\\u0027\\\/\\u003E\\u003C\\\/svg\\u003E\\u003C\\\/div\\u003E&quot;,&quot;nextArrow&quot;:&quot;\\u003Cdiv class=\\u0027jet-listing-grid__slider-icon next-arrow \\u0027 role=\\u0027button\\u0027 aria-label=\\u0027Next\\u0027\\u003E\\u003Csvg width=\\u0027180\\u0027 height=\\u0027180\\u0027 viewBox=\\u00270 0 180 180\\u0027 fill=\\u0027none\\u0027 xmlns=\\u0027http:\\\/\\\/www.w3.org\\\/2000\\\/svg\\u0027\\u003E\\u003Cpath d=\\u0027M119 47.3166C119 48.185 118.668 48.9532 118.003 49.6212L78.8385 89L118.003 128.379C118.668 129.047 119 129.815 119 130.683C119 131.552 118.668 132.32 118.003 132.988L113.021 137.998C112.356 138.666 111.592 139 110.729 139C109.865 139 109.101 138.666 108.436 137.998L61.9966 91.3046C61.3322 90.6366 61 89.8684 61 89C61 88.1316 61.3322 87.3634 61.9966 86.6954L108.436 40.002C109.101 39.334 109.865 39 110.729 39C111.592 39 112.356 39.334 113.021 40.002L118.003 45.012C118.668 45.68 119 46.4482 119 47.3166Z\\u0027 fill=\\u0027black\\u0027\\\/\\u003E\\u003C\\\/svg\\u003E\\u003C\\\/div\\u003E&quot;,&quot;rtl&quot;:false,&quot;itemsCount&quot;:4,&quot;fade&quot;:true,&quot;slidesToShow&quot;:{&quot;desktop&quot;:1,&quot;tablet&quot;:1,&quot;mobile&quot;:1}}\" dir=\"ltr\"><div class=\"jet-listing-grid__items grid-col-desk-1 grid-col-tablet-1 grid-col-mobile-1 jet-listing-grid--174 jet-equal-columns__wrapper\" data-queried-id=\"7|WP_Post\" data-cct-slug=\"homepage_banner_slides\" data-nav=\"{&quot;enabled&quot;:false,&quot;type&quot;:null,&quot;more_el&quot;:null,&quot;query&quot;:[],&quot;widget_settings&quot;:{&quot;lisitng_id&quot;:174,&quot;posts_num&quot;:999,&quot;columns&quot;:1,&quot;columns_tablet&quot;:1,&quot;columns_mobile&quot;:1,&quot;column_min_width&quot;:240,&quot;column_min_width_tablet&quot;:240,&quot;column_min_width_mobile&quot;:240,&quot;inline_columns_css&quot;:true,&quot;is_archive_template&quot;:&quot;&quot;,&quot;post_status&quot;:[&quot;publish&quot;],&quot;use_random_posts_num&quot;:&quot;&quot;,&quot;max_posts_num&quot;:6,&quot;not_found_message&quot;:&quot;No data was found&quot;,&quot;is_masonry&quot;:false,&quot;equal_columns_height&quot;:true,&quot;use_load_more&quot;:&quot;&quot;,&quot;load_more_id&quot;:&quot;&quot;,&quot;load_more_type&quot;:&quot;click&quot;,&quot;load_more_offset&quot;:null,&quot;use_custom_post_types&quot;:&quot;&quot;,&quot;custom_post_types&quot;:[],&quot;hide_widget_if&quot;:&quot;&quot;,&quot;carousel_enabled&quot;:true,&quot;slides_to_scroll&quot;:1,&quot;arrows&quot;:&quot;true&quot;,&quot;arrow_icon&quot;:&quot;fa fa-angle-left&quot;,&quot;dots&quot;:true,&quot;autoplay&quot;:true,&quot;pause_on_hover&quot;:true,&quot;autoplay_speed&quot;:5000,&quot;infinite&quot;:true,&quot;center_mode&quot;:&quot;&quot;,&quot;effect&quot;:&quot;fade&quot;,&quot;speed&quot;:500,&quot;inject_alternative_items&quot;:&quot;&quot;,&quot;injection_items&quot;:[],&quot;scroll_slider_enabled&quot;:&quot;&quot;,&quot;scroll_slider_on&quot;:[&quot;desktop&quot;,&quot;tablet&quot;,&quot;mobile&quot;],&quot;custom_query&quot;:false,&quot;custom_query_id&quot;:&quot;&quot;,&quot;_element_id&quot;:&quot;&quot;,&quot;collapse_first_last_gap&quot;:false,&quot;list_tag_selection&quot;:&quot;&quot;,&quot;list_items_wrapper_tag&quot;:&quot;div&quot;,&quot;list_item_tag&quot;:&quot;div&quot;,&quot;empty_items_wrapper_tag&quot;:&quot;div&quot;}}\" data-page=\"1\" data-pages=\"1\" data-listing-source=\"custom_content_type\" data-listing-id=\"174\" data-query-id=\"0\"><div class=\"jet-listing-grid__item jet-listing-dynamic-post-2 jet-equal-columns\" data-post-id=\"2\"  ><div data-is-block=\"jet-engine\/dynamic-image\"><div class=\"jet-listing jet-listing-dynamic-image\" ><img decoding=\"async\" width=\"1024\" height=\"466\" src=\"https:\/\/niho.sk\/wp-content\/uploads\/2022\/07\/NIHO-illu-etab_postupy-v.4-Copy-1024x466.png\" class=\"jet-listing-dynamic-image__img attachment-large size-large\" alt=\"\" srcset=\"https:\/\/niho.sk\/wp-content\/uploads\/2022\/07\/NIHO-illu-etab_postupy-v.4-Copy-1024x466.png 1024w, https:\/\/niho.sk\/wp-content\/uploads\/2022\/07\/NIHO-illu-etab_postupy-v.4-Copy-300x137.png 300w, https:\/\/niho.sk\/wp-content\/uploads\/2022\/07\/NIHO-illu-etab_postupy-v.4-Copy-768x350.png 768w, https:\/\/niho.sk\/wp-content\/uploads\/2022\/07\/NIHO-illu-etab_postupy-v.4-Copy-18x8.png 18w, https:\/\/niho.sk\/wp-content\/uploads\/2022\/07\/NIHO-illu-etab_postupy-v.4-Copy.png 1425w\" sizes=\"auto, (max-width: 1024px) 100vw, 1024px\" style=\"\" loading=\"lazy\" \/><\/div><\/div>\n\n<div class=\"jet-listing-dynamic-field-block\"data-is-block=\"jet-engine\/dynamic-field\"><div class=\"jet-listing jet-listing-dynamic-field display-inline\"><div class=\"jet-listing-dynamic-field__inline-wrap\"><h2 class=\"jet-listing-dynamic-field__content\" ><i>Medzin\u00e1rodne etablovan\u00e9 a transparentn\u00e9 postupy pod\u013ea medic\u00edny zalo\u017eenej na d\u00f4kazoch<\/i><\/h2><\/div><\/div><\/div><\/div><div class=\"jet-listing-grid__item jet-listing-dynamic-post-6 jet-equal-columns\" data-post-id=\"6\"  ><div class=\"\"data-is-block=\"jet-engine\/dynamic-image\"><div class=\"jet-listing jet-listing-dynamic-image\" ><img decoding=\"async\" width=\"1024\" height=\"427\" src=\"https:\/\/niho.sk\/wp-content\/uploads\/2022\/07\/NIHO-illu-spolupraca-v.4-1024x427.png\" class=\"jet-listing-dynamic-image__img attachment-large size-large\" alt=\"\" srcset=\"https:\/\/niho.sk\/wp-content\/uploads\/2022\/07\/NIHO-illu-spolupraca-v.4-1024x427.png 1024w, https:\/\/niho.sk\/wp-content\/uploads\/2022\/07\/NIHO-illu-spolupraca-v.4-300x125.png 300w, https:\/\/niho.sk\/wp-content\/uploads\/2022\/07\/NIHO-illu-spolupraca-v.4-768x320.png 768w, https:\/\/niho.sk\/wp-content\/uploads\/2022\/07\/NIHO-illu-spolupraca-v.4-1536x640.png 1536w, https:\/\/niho.sk\/wp-content\/uploads\/2022\/07\/NIHO-illu-spolupraca-v.4-18x7.png 18w, https:\/\/niho.sk\/wp-content\/uploads\/2022\/07\/NIHO-illu-spolupraca-v.4.png 1558w\" sizes=\"auto, (max-width: 1024px) 100vw, 1024px\" style=\"\" loading=\"lazy\" \/><\/div><\/div>\n\n<div class=\"jet-listing-dynamic-field-block\"data-is-block=\"jet-engine\/dynamic-field\"><div class=\"jet-listing jet-listing-dynamic-field display-inline\"><div class=\"jet-listing-dynamic-field__inline-wrap\"><h2 class=\"jet-listing-dynamic-field__content\" ><i>Multidisciplin\u00e1rny pr\u00edstup v spolupr\u00e1ci s na\u0161imi partnermi<\/i><\/h2><\/div><\/div><\/div><\/div><div class=\"jet-listing-grid__item jet-listing-dynamic-post-1 jet-equal-columns\" data-post-id=\"1\"  ><div class=\"\"data-is-block=\"jet-engine\/dynamic-image\"><div class=\"jet-listing jet-listing-dynamic-image\" ><img decoding=\"async\" width=\"1024\" height=\"497\" src=\"https:\/\/niho.sk\/wp-content\/uploads\/2022\/07\/NIHO-illu-hodno_pre_rozhodnutie-v.4-1024x497.png\" class=\"jet-listing-dynamic-image__img attachment-large size-large\" alt=\"\" srcset=\"https:\/\/niho.sk\/wp-content\/uploads\/2022\/07\/NIHO-illu-hodno_pre_rozhodnutie-v.4-1024x497.png 1024w, https:\/\/niho.sk\/wp-content\/uploads\/2022\/07\/NIHO-illu-hodno_pre_rozhodnutie-v.4-300x146.png 300w, https:\/\/niho.sk\/wp-content\/uploads\/2022\/07\/NIHO-illu-hodno_pre_rozhodnutie-v.4-768x373.png 768w, https:\/\/niho.sk\/wp-content\/uploads\/2022\/07\/NIHO-illu-hodno_pre_rozhodnutie-v.4-18x9.png 18w, https:\/\/niho.sk\/wp-content\/uploads\/2022\/07\/NIHO-illu-hodno_pre_rozhodnutie-v.4.png 1338w\" sizes=\"auto, (max-width: 1024px) 100vw, 1024px\" style=\"\" loading=\"lazy\" \/><\/div><\/div>\n\n<div class=\"jet-listing-dynamic-field-block\"data-is-block=\"jet-engine\/dynamic-field\"><div class=\"jet-listing jet-listing-dynamic-field display-inline\"><div class=\"jet-listing-dynamic-field__inline-wrap\"><h2 class=\"jet-listing-dynamic-field__content\" ><i>Hodnota za peniaze pri vyu\u017e\u00edvan\u00ed obmedzen\u00fdch zdrojov v zdravotn\u00edctve<\/i><\/h2><\/div><\/div><\/div><\/div><div class=\"jet-listing-grid__item jet-listing-dynamic-post-3 jet-equal-columns\" data-post-id=\"3\"  ><div class=\"\"data-is-block=\"jet-engine\/dynamic-image\"><div class=\"jet-listing jet-listing-dynamic-image\" ><img decoding=\"async\" width=\"1024\" height=\"410\" src=\"https:\/\/niho.sk\/wp-content\/uploads\/2022\/07\/NIHO-illu-hodno_pre_rozhodnutie-v.4-Copy-1024x410.png\" class=\"jet-listing-dynamic-image__img attachment-large size-large\" alt=\"\" srcset=\"https:\/\/niho.sk\/wp-content\/uploads\/2022\/07\/NIHO-illu-hodno_pre_rozhodnutie-v.4-Copy-1024x410.png 1024w, https:\/\/niho.sk\/wp-content\/uploads\/2022\/07\/NIHO-illu-hodno_pre_rozhodnutie-v.4-Copy-300x120.png 300w, https:\/\/niho.sk\/wp-content\/uploads\/2022\/07\/NIHO-illu-hodno_pre_rozhodnutie-v.4-Copy-768x308.png 768w, https:\/\/niho.sk\/wp-content\/uploads\/2022\/07\/NIHO-illu-hodno_pre_rozhodnutie-v.4-Copy-1536x615.png 1536w, https:\/\/niho.sk\/wp-content\/uploads\/2022\/07\/NIHO-illu-hodno_pre_rozhodnutie-v.4-Copy-18x7.png 18w, https:\/\/niho.sk\/wp-content\/uploads\/2022\/07\/NIHO-illu-hodno_pre_rozhodnutie-v.4-Copy.png 1620w\" sizes=\"auto, (max-width: 1024px) 100vw, 1024px\" style=\"\" loading=\"lazy\" \/><\/div><\/div>\n\n<div class=\"jet-listing-dynamic-field-block\"data-is-block=\"jet-engine\/dynamic-field\"><div class=\"jet-listing jet-listing-dynamic-field display-inline\"><div class=\"jet-listing-dynamic-field__inline-wrap\"><h2 class=\"jet-listing-dynamic-field__content\" ><i>Komplexn\u00e9 odborn\u00e9 hodnotenia ako podklad pre politick\u00e9 rozhodnutia<\/i><\/h2><\/div><\/div><\/div><\/div><\/div><\/div><\/div><\/div>\n\n\n<div id=\"row-1\" class=\"wp-block-group w-100 max-w-100  margin-0 has-background-background-color has-background is-layout-flow wp-block-group-is-layout-flow\">\n<div class=\"wp-block-group defaultWidthGroup defaultPaddingGroup is-layout-flow wp-block-group-is-layout-flow\">\n<div class=\"wp-block-columns is-layout-flex wp-container-core-columns-is-layout-28f84493 wp-block-columns-is-layout-flex\" id=\"homepage-projekty-row\">\n<div class=\"wp-block-column max-width-content is-layout-flow wp-block-column-is-layout-flow\">\n<h4 class=\"wp-block-heading fw-500\">NIHO je nez\u00e1visl\u00e1 odborn\u00e1 in\u0161tit\u00facia, ktor\u00e1 vyd\u00e1va hodnotenia a anal\u00fdzy na z\u00e1klade ust\u00e1lenej eur\u00f3pskej metodiky pod\u013ea medic\u00edny zalo\u017eenej na d\u00f4kazoch. Je to organiz\u00e1cia verejnej spr\u00e1vy. M\u00e1 z\u00e1konom nastaven\u00e9 financovanie a&nbsp;povinnosti tak, aby bola nez\u00e1visl\u00e1 od politiky a&nbsp;vplyvov priemyslu zdravotn\u00edckych technol\u00f3gi\u00ed. <\/h4>\n\n\n\n<h4 class=\"wp-block-heading fw-500\">Hlavnou \u00falohou NIHO je prin\u00e1\u0161a\u0165 do rozhodovac\u00edch procesov v&nbsp;zdravotn\u00edctve vedeck\u00fd pr\u00edstup a&nbsp;transparentnos\u0165. In\u0161tit\u00fat pre\u0161tuduje ve\u013ek\u00e9 mno\u017estvo inform\u00e1ci\u00ed, ktor\u00e9 s\u00fa o&nbsp;danej t\u00e9me dostupn\u00e9, a&nbsp;spracov\u00e1va ich do podoby pochopite\u013enej pre rozhoduj\u00face osoby alebo org\u00e1ny. NIHO nevyd\u00e1va rozhodnutia, t\u00e1to pr\u00e1vomoc zost\u00e1va na Ministerstve zdravotn\u00edctva SR.<\/h4>\n\n\n\n<div class=\"wp-block-buttons is-layout-flex wp-block-buttons-is-layout-flex\">\n<div class=\"wp-block-button dark-btn\"><a class=\"wp-block-button__link wp-element-button\" href=\"https:\/\/niho.sk\/niho\/\">Viac o&nbsp;n\u00e1s<\/a><\/div>\n<\/div>\n<\/div>\n\n\n\n<div class=\"wp-block-column homepage-projekty-col is-layout-flow wp-block-column-is-layout-flow\">\n<div class=\"wp-block-group is-layout-flow wp-block-group-is-layout-flow\">\n<p class=\"stav-projektu\"><strong>Publikovan\u00e9 projekty<\/strong><\/p>\n\n\n<div class=\"jet-listing-grid--blocks  homepage-projekty-listing\"data-element-id=\"fcddb77a-1ba5-49cf-9a71-43376bfdd99d\"data-listing-type=\"blocks\"data-is-block=\"jet-engine\/listing-grid\"><div class=\"jet-listing-grid jet-listing\"><div class=\"jet-listing-grid__items grid-col-desk-1 grid-col-tablet-1 grid-col-mobile-1 jet-listing-grid--180\" data-queried-id=\"7|WP_Post\" data-nav=\"{&quot;enabled&quot;:false,&quot;type&quot;:null,&quot;more_el&quot;:null,&quot;query&quot;:[],&quot;widget_settings&quot;:{&quot;lisitng_id&quot;:180,&quot;posts_num&quot;:3,&quot;columns&quot;:1,&quot;columns_tablet&quot;:1,&quot;columns_mobile&quot;:1,&quot;column_min_width&quot;:240,&quot;column_min_width_tablet&quot;:240,&quot;column_min_width_mobile&quot;:240,&quot;inline_columns_css&quot;:true,&quot;is_archive_template&quot;:&quot;&quot;,&quot;post_status&quot;:[&quot;publish&quot;],&quot;use_random_posts_num&quot;:&quot;&quot;,&quot;max_posts_num&quot;:6,&quot;not_found_message&quot;:&quot;Neboli n\\u00e1jden\\u00e9 \\u017eiadne publikovan\\u00e9 projekty&quot;,&quot;is_masonry&quot;:false,&quot;equal_columns_height&quot;:&quot;&quot;,&quot;use_load_more&quot;:&quot;&quot;,&quot;load_more_id&quot;:&quot;&quot;,&quot;load_more_type&quot;:&quot;click&quot;,&quot;load_more_offset&quot;:null,&quot;use_custom_post_types&quot;:&quot;&quot;,&quot;custom_post_types&quot;:[],&quot;hide_widget_if&quot;:&quot;&quot;,&quot;carousel_enabled&quot;:&quot;&quot;,&quot;slides_to_scroll&quot;:1,&quot;arrows&quot;:true,&quot;arrow_icon&quot;:&quot;fa fa-angle-left&quot;,&quot;dots&quot;:&quot;&quot;,&quot;autoplay&quot;:true,&quot;pause_on_hover&quot;:true,&quot;autoplay_speed&quot;:5000,&quot;infinite&quot;:true,&quot;center_mode&quot;:&quot;&quot;,&quot;effect&quot;:&quot;slide&quot;,&quot;speed&quot;:500,&quot;inject_alternative_items&quot;:&quot;&quot;,&quot;injection_items&quot;:[],&quot;scroll_slider_enabled&quot;:&quot;&quot;,&quot;scroll_slider_on&quot;:[&quot;desktop&quot;,&quot;tablet&quot;,&quot;mobile&quot;],&quot;custom_query&quot;:false,&quot;custom_query_id&quot;:&quot;&quot;,&quot;_element_id&quot;:&quot;&quot;,&quot;collapse_first_last_gap&quot;:false,&quot;list_tag_selection&quot;:&quot;&quot;,&quot;list_items_wrapper_tag&quot;:&quot;div&quot;,&quot;list_item_tag&quot;:&quot;div&quot;,&quot;empty_items_wrapper_tag&quot;:&quot;div&quot;}}\" data-page=\"1\" data-pages=\"99\" data-listing-source=\"posts\" data-listing-id=\"180\" data-query-id=\"0\"><div class=\"jet-listing-grid__item jet-listing-dynamic-post-3127\" data-post-id=\"3127\"  ><div class=\"jet-listing-dynamic-field-block\"data-is-block=\"jet-engine\/dynamic-field\"><div class=\"jet-listing jet-listing-dynamic-field display-inline\"><div class=\"jet-listing-dynamic-field__inline-wrap\"><div class=\"jet-listing-dynamic-field__content\" >Monogen<\/div><\/div><\/div><\/div>\n\n\n<div class=\"wp-block-group is-layout-flow wp-block-group-is-layout-flow\"><div class=\"jet-listing-dynamic-field-block\"data-is-block=\"jet-engine\/dynamic-field\"><div class=\"jet-listing jet-listing-dynamic-field display-inline\"><div class=\"jet-listing-dynamic-field__inline-wrap\"><div class=\"jet-listing-dynamic-field__content\" >24.04.2026<\/div><\/div><\/div><\/div>\n\n<div data-is-block=\"jet-engine\/dynamic-terms\"><div class=\"jet-listing jet-listing-dynamic-terms\"><span class=\"jet-listing-dynamic-terms__link\">Publikovan\u00fd<\/span><\/div><\/div><\/div>\n<\/div><div class=\"jet-listing-grid__item jet-listing-dynamic-post-3114\" data-post-id=\"3114\"  ><div class=\"jet-listing-dynamic-field-block\"data-is-block=\"jet-engine\/dynamic-field\"><div class=\"jet-listing jet-listing-dynamic-field display-inline\"><div class=\"jet-listing-dynamic-field__inline-wrap\"><div class=\"jet-listing-dynamic-field__content\" >GTO-oil<\/div><\/div><\/div><\/div>\n\n\n<div class=\"wp-block-group is-layout-flow wp-block-group-is-layout-flow\"><div class=\"jet-listing-dynamic-field-block\"data-is-block=\"jet-engine\/dynamic-field\"><div class=\"jet-listing jet-listing-dynamic-field display-inline\"><div class=\"jet-listing-dynamic-field__inline-wrap\"><div class=\"jet-listing-dynamic-field__content\" >24.04.2026<\/div><\/div><\/div><\/div>\n\n<div class=\"\"data-is-block=\"jet-engine\/dynamic-terms\"><div class=\"jet-listing jet-listing-dynamic-terms\"><span class=\"jet-listing-dynamic-terms__link\">Publikovan\u00fd<\/span><\/div><\/div><\/div>\n<\/div><div class=\"jet-listing-grid__item jet-listing-dynamic-post-3115\" data-post-id=\"3115\"  ><div class=\"jet-listing-dynamic-field-block\"data-is-block=\"jet-engine\/dynamic-field\"><div class=\"jet-listing jet-listing-dynamic-field display-inline\"><div class=\"jet-listing-dynamic-field__inline-wrap\"><div class=\"jet-listing-dynamic-field__content\" >LORENZO-OIL<\/div><\/div><\/div><\/div>\n\n\n<div class=\"wp-block-group is-layout-flow wp-block-group-is-layout-flow\"><div class=\"jet-listing-dynamic-field-block\"data-is-block=\"jet-engine\/dynamic-field\"><div class=\"jet-listing jet-listing-dynamic-field display-inline\"><div class=\"jet-listing-dynamic-field__inline-wrap\"><div class=\"jet-listing-dynamic-field__content\" >24.04.2026<\/div><\/div><\/div><\/div>\n\n<div class=\"\"data-is-block=\"jet-engine\/dynamic-terms\"><div class=\"jet-listing jet-listing-dynamic-terms\"><span class=\"jet-listing-dynamic-terms__link\">Publikovan\u00fd<\/span><\/div><\/div><\/div>\n<\/div><\/div><\/div><\/div>\n\n\n<p class=\"has-text-align-center\"><a href=\"https:\/\/niho.sk\/publikovane-projekty\/\" data-type=\"page\" data-id=\"751\">Zobrazi\u0165 v\u0161etky<\/a><\/p>\n<\/div>\n\n\n\n<div class=\"wp-block-group is-layout-flow wp-block-group-is-layout-flow\">\n<p class=\"stav-projektu\"><strong>Rozpracovan\u00e9 projekty<\/strong><\/p>\n\n\n<div class=\"jet-listing-grid--blocks  homepage-projekty-listing\"data-element-id=\"2c8ce885-10b5-4d1b-942e-61575b788412\"data-listing-type=\"blocks\"data-is-block=\"jet-engine\/listing-grid\"><div class=\"jet-listing-grid jet-listing\"><div class=\"jet-listing-grid__items grid-col-desk-1 grid-col-tablet-1 grid-col-mobile-1 jet-listing-grid--180\" data-queried-id=\"7|WP_Post\" data-nav=\"{&quot;enabled&quot;:false,&quot;type&quot;:null,&quot;more_el&quot;:null,&quot;query&quot;:[],&quot;widget_settings&quot;:{&quot;lisitng_id&quot;:180,&quot;posts_num&quot;:3,&quot;columns&quot;:1,&quot;columns_tablet&quot;:1,&quot;columns_mobile&quot;:1,&quot;column_min_width&quot;:240,&quot;column_min_width_tablet&quot;:240,&quot;column_min_width_mobile&quot;:240,&quot;inline_columns_css&quot;:true,&quot;is_archive_template&quot;:&quot;&quot;,&quot;post_status&quot;:[&quot;publish&quot;],&quot;use_random_posts_num&quot;:&quot;&quot;,&quot;max_posts_num&quot;:6,&quot;not_found_message&quot;:&quot;Neboli n\\u00e1jden\\u00e9 \\u017eiadne rozpracovan\\u00e9 projekty&quot;,&quot;is_masonry&quot;:false,&quot;equal_columns_height&quot;:&quot;&quot;,&quot;use_load_more&quot;:&quot;&quot;,&quot;load_more_id&quot;:&quot;&quot;,&quot;load_more_type&quot;:&quot;click&quot;,&quot;load_more_offset&quot;:null,&quot;use_custom_post_types&quot;:&quot;&quot;,&quot;custom_post_types&quot;:[],&quot;hide_widget_if&quot;:&quot;&quot;,&quot;carousel_enabled&quot;:&quot;&quot;,&quot;slides_to_scroll&quot;:1,&quot;arrows&quot;:true,&quot;arrow_icon&quot;:&quot;fa fa-angle-left&quot;,&quot;dots&quot;:&quot;&quot;,&quot;autoplay&quot;:true,&quot;pause_on_hover&quot;:true,&quot;autoplay_speed&quot;:5000,&quot;infinite&quot;:true,&quot;center_mode&quot;:&quot;&quot;,&quot;effect&quot;:&quot;slide&quot;,&quot;speed&quot;:500,&quot;inject_alternative_items&quot;:&quot;&quot;,&quot;injection_items&quot;:[],&quot;scroll_slider_enabled&quot;:&quot;&quot;,&quot;scroll_slider_on&quot;:[&quot;desktop&quot;,&quot;tablet&quot;,&quot;mobile&quot;],&quot;custom_query&quot;:false,&quot;custom_query_id&quot;:&quot;&quot;,&quot;_element_id&quot;:&quot;&quot;,&quot;collapse_first_last_gap&quot;:false,&quot;list_tag_selection&quot;:&quot;&quot;,&quot;list_items_wrapper_tag&quot;:&quot;div&quot;,&quot;list_item_tag&quot;:&quot;div&quot;,&quot;empty_items_wrapper_tag&quot;:&quot;div&quot;}}\" data-page=\"1\" data-pages=\"14\" data-listing-source=\"posts\" data-listing-id=\"180\" data-query-id=\"0\"><div class=\"jet-listing-grid__item jet-listing-dynamic-post-3156\" data-post-id=\"3156\"  ><div class=\"jet-listing-dynamic-field-block\"data-is-block=\"jet-engine\/dynamic-field\"><div class=\"jet-listing jet-listing-dynamic-field display-inline\"><div class=\"jet-listing-dynamic-field__inline-wrap\"><div class=\"jet-listing-dynamic-field__content\" >Durvalumab (Imfinzi)<\/div><\/div><\/div><\/div>\n\n\n<div class=\"wp-block-group is-layout-flow wp-block-group-is-layout-flow\"><div class=\"jet-listing-dynamic-field-block\"data-is-block=\"jet-engine\/dynamic-field\"><div class=\"jet-listing jet-listing-dynamic-field display-inline\"><div class=\"jet-listing-dynamic-field__inline-wrap\"><div class=\"jet-listing-dynamic-field__content\" >23.04.2026<\/div><\/div><\/div><\/div>\n\n<div class=\"\"data-is-block=\"jet-engine\/dynamic-terms\"><div class=\"jet-listing jet-listing-dynamic-terms\"><span class=\"jet-listing-dynamic-terms__link\">Rozpracovan\u00fd<\/span><\/div><\/div><\/div>\n<\/div><div class=\"jet-listing-grid__item jet-listing-dynamic-post-3151\" data-post-id=\"3151\"  ><div class=\"jet-listing-dynamic-field-block\"data-is-block=\"jet-engine\/dynamic-field\"><div class=\"jet-listing jet-listing-dynamic-field display-inline\"><div class=\"jet-listing-dynamic-field__inline-wrap\"><div class=\"jet-listing-dynamic-field__content\" >Nebivolol a amlodip\u00edn (Nesyrgy)<\/div><\/div><\/div><\/div>\n\n\n<div class=\"wp-block-group is-layout-flow wp-block-group-is-layout-flow\"><div class=\"jet-listing-dynamic-field-block\"data-is-block=\"jet-engine\/dynamic-field\"><div class=\"jet-listing jet-listing-dynamic-field display-inline\"><div class=\"jet-listing-dynamic-field__inline-wrap\"><div class=\"jet-listing-dynamic-field__content\" >20.04.2026<\/div><\/div><\/div><\/div>\n\n<div class=\"\"data-is-block=\"jet-engine\/dynamic-terms\"><div class=\"jet-listing jet-listing-dynamic-terms\"><span class=\"jet-listing-dynamic-terms__link\">Rozpracovan\u00fd<\/span><\/div><\/div><\/div>\n<\/div><div class=\"jet-listing-grid__item jet-listing-dynamic-post-3150\" data-post-id=\"3150\"  ><div class=\"jet-listing-dynamic-field-block\"data-is-block=\"jet-engine\/dynamic-field\"><div class=\"jet-listing jet-listing-dynamic-field display-inline\"><div class=\"jet-listing-dynamic-field__inline-wrap\"><div class=\"jet-listing-dynamic-field__content\" >Mirvetuximab-soravtanz\u00edn (Elahere)<\/div><\/div><\/div><\/div>\n\n\n<div class=\"wp-block-group is-layout-flow wp-block-group-is-layout-flow\"><div class=\"jet-listing-dynamic-field-block\"data-is-block=\"jet-engine\/dynamic-field\"><div class=\"jet-listing jet-listing-dynamic-field display-inline\"><div class=\"jet-listing-dynamic-field__inline-wrap\"><div class=\"jet-listing-dynamic-field__content\" >16.04.2026<\/div><\/div><\/div><\/div>\n\n<div class=\"\"data-is-block=\"jet-engine\/dynamic-terms\"><div class=\"jet-listing jet-listing-dynamic-terms\"><span class=\"jet-listing-dynamic-terms__link\">Rozpracovan\u00fd<\/span><\/div><\/div><\/div>\n<\/div><\/div><\/div><\/div>\n\n\n<p class=\"has-text-align-center\"><a href=\"https:\/\/niho.sk\/rozpracovane-projekty\/\" data-type=\"page\" data-id=\"753\">Zobrazi\u0165 v\u0161etky<\/a><\/p>\n<\/div>\n<\/div>\n<\/div>\n<\/div>\n<\/div>\n\n\n\n<div id=\"row-2\" class=\"wp-block-group w-100 max-w-100  margin-0 is-layout-flow wp-block-group-is-layout-flow\">\n<div class=\"wp-block-group defaultWidthGroup defaultPaddingGroup is-layout-flow wp-block-group-is-layout-flow\">\n<div class=\"wp-block-group max-width-content is-layout-flow wp-block-group-is-layout-flow\">\n<h2 class=\"wp-block-heading\"><strong>Particip\u00e1cia<\/strong><\/h2>\n\n\n\n<p>Pre skuto\u010dne komplexn\u00e9 hodnotenie technol\u00f3gi\u00ed je nevyhnutn\u00e9 zapojenie vstupov klinick\u00fdch odborn\u00edkov a&nbsp;pacientov.<\/p>\n\n\n\n<div class=\"wp-block-buttons is-layout-flex wp-block-buttons-is-layout-flex\">\n<div class=\"wp-block-button\"><a class=\"wp-block-button__link wp-element-button\" href=\"https:\/\/niho.sk\/participacia\/\">Ako posla\u0165 vstup do hodnotenia<\/a><\/div>\n<\/div>\n<\/div>\n<\/div>\n<\/div>\n","protected":false},"excerpt":{"rendered":"<p>NIHO je nez\u00e1visl\u00e1 odborn\u00e1 in\u0161tit\u00facia, ktor\u00e1 vyd\u00e1va hodnotenia a anal\u00fdzy na z\u00e1klade ust\u00e1lenej eur\u00f3pskej metodiky pod\u013ea medic\u00edny zalo\u017eenej na d\u00f4kazoch. Je to organiz\u00e1cia verejnej spr\u00e1vy. M\u00e1 z\u00e1konom nastaven\u00e9 financovanie a&nbsp;povinnosti tak, aby bola nez\u00e1visl\u00e1 od politiky a&nbsp;vplyvov priemyslu zdravotn\u00edckych technol\u00f3gi\u00ed. Hlavnou \u00falohou NIHO je prin\u00e1\u0161a\u0165 do rozhodovac\u00edch procesov v&nbsp;zdravotn\u00edctve vedeck\u00fd pr\u00edstup a&nbsp;transparentnos\u0165. In\u0161tit\u00fat pre\u0161tuduje ve\u013ek\u00e9 [&hellip;]<\/p>\n","protected":false},"author":1,"featured_media":0,"parent":0,"menu_order":0,"comment_status":"closed","ping_status":"closed","template":"","meta":{"inline_featured_image":false,"footnotes":""},"class_list":["post-7","page","type-page","status-publish","hentry"],"_links":{"self":[{"href":"https:\/\/niho.sk\/en\/wp-json\/wp\/v2\/pages\/7","targetHints":{"allow":["GET"]}}],"collection":[{"href":"https:\/\/niho.sk\/en\/wp-json\/wp\/v2\/pages"}],"about":[{"href":"https:\/\/niho.sk\/en\/wp-json\/wp\/v2\/types\/page"}],"author":[{"embeddable":true,"href":"https:\/\/niho.sk\/en\/wp-json\/wp\/v2\/users\/1"}],"replies":[{"embeddable":true,"href":"https:\/\/niho.sk\/en\/wp-json\/wp\/v2\/comments?post=7"}],"version-history":[{"count":0,"href":"https:\/\/niho.sk\/en\/wp-json\/wp\/v2\/pages\/7\/revisions"}],"wp:attachment":[{"href":"https:\/\/niho.sk\/en\/wp-json\/wp\/v2\/media?parent=7"}],"curies":[{"name":"wp","href":"https:\/\/api.w.org\/{rel}","templated":true}]}}