{"id":32,"date":"2022-05-10T10:30:16","date_gmt":"2022-05-10T08:30:16","guid":{"rendered":"https:\/\/www.niho.sk\/?page_id=32"},"modified":"2024-06-06T13:47:56","modified_gmt":"2024-06-06T11:47:56","slug":"zverejnovanie","status":"publish","type":"page","link":"https:\/\/niho.sk\/en\/zverejnovanie\/","title":{"rendered":"Publication"},"content":{"rendered":"\n<div class=\"wp-block-group w-100 max-w-100  margin-0 is-layout-flow wp-block-group-is-layout-flow\">\n<div class=\"wp-block-group defaultWidthGroup defaultPaddingGroup is-layout-flow wp-block-group-is-layout-flow\">\n<div class=\"wp-block-group max-width-content is-layout-flow wp-block-group-is-layout-flow\">\n<h1 class=\"wp-block-heading\">Zverej\u0148ovanie<\/h1>\n\n\n\n<p>S cie\u013eom plni\u0165 povinnosti vypl\u00fdvaj\u00face zo z\u00e1kona \u010d. 211\/2000 Z.z. o slobodnom pr\u00edstupe k inform\u00e1ci\u00e1m zverej\u0148uje NIHO nasledovn\u00e9 inform\u00e1cie:<\/p>\n\n\n\n<h3 class=\"wp-block-heading padding-top-10\">Zmluvy<\/h3>\n\n\n\n<p><a href=\"https:\/\/www.crz.gov.sk\/2171273-sk\/centralny-register-zmluv\/?art_zs2=&amp;art_predmet=&amp;art_ico=&amp;art_suma_spolu_od=&amp;art_suma_spolu_do=&amp;art_datum_zverejnene_od=&amp;art_datum_zverejnene_do=&amp;art_rezort=0&amp;art_zs1=N\u00e1rodn\u00fd+in\u0161tit\u00fat+pre+hodnotu+a+technol\u00f3gie+v+zdravotn%C3%ADctve&amp;nazov=&amp;art_ico1=&amp;ID=2171273&amp;odoslat=Vyh\u013eada\u0165&amp;frm_id_frm_filter_3=629dcec35e38e\" target=\"_blank\" rel=\"noreferrer noopener\">Zmluvy zverejnen\u00e9 na crz.gov.sk<\/a><br><\/p>\n\n\n\n<h3 class=\"wp-block-heading padding-top-20\">Postup pri \u017eiadostiach o spr\u00edstupnenie inform\u00e1ci\u00ed<\/h3>\n\n\n\n<p>\u017diados\u0165 o spr\u00edstupnenie inform\u00e1cie vybavuje NIHO v s\u00falade so z\u00e1konom \u010d. 211\/2000 Z. z. o slobodnom pr\u00edstupe k&nbsp;inform\u00e1ci\u00e1m v&nbsp;znen\u00ed neskor\u0161\u00edch predpisov:<\/p>\n\n\n\n<ul class=\"wp-block-list\">\n<li>\u017diados\u0165 o inform\u00e1ciu sa pod\u00e1va:\n<ul class=\"wp-block-list\">\n<li>p\u00edsomne \u2013 po\u0161tou,<\/li>\n\n\n\n<li>p\u00edsomne \u2013&nbsp;osobn\u00fdm podan\u00edm v&nbsp;s\u00eddle NIHO,<\/li>\n\n\n\n<li>\u00fastne \u2013 osobne alebo telefonicky v pracovn\u00fdch d\u0148och:<br>pondelok \u2013 piatok v \u010dase od 10.00 do&nbsp;14.00,<\/li>\n\n\n\n<li>elektronickou po\u0161tou na adrese:&nbsp;<a href=\"mailto:kancelaria@niho.sk\">kancelaria@niho.sk<\/a>.<\/li>\n<\/ul>\n<\/li>\n\n\n\n<li>Proti rozhodnutiu o odmietnut\u00ed \u017eiadosti o poskytnutie inform\u00e1cie a rozhodnutiu o nespr\u00edstupnen\u00ed inform\u00e1cie je mo\u017en\u00e9 poda\u0165 rozklad v lehot\u00e1ch stanoven\u00fdch z\u00e1konom&nbsp;p\u00edsomne \u2013 po\u0161tou, osobn\u00fdm podan\u00edm alebo elektronickou po\u0161tou.<\/li>\n<\/ul>\n\n\n\n<p class=\"padding-top-10\">Rozhodnutie o odmietnut\u00ed \u017eiadosti o spr\u00edstupnenie inform\u00e1cie a rozhodnutie o nespr\u00edstupnen\u00ed inform\u00e1cie, ktor\u00e9 po vy\u010derpan\u00ed riadnych opravn\u00fdch prostriedkov, ktor\u00e9 sa pre\u0148 prip\u00fa\u0161\u0165aj\u00fa, nadobudlo pr\u00e1voplatnos\u0165, mo\u017eno presk\u00fama\u0165 v s\u00fadnom konan\u00ed pod\u013ea z\u00e1kona \u010d. 162\/2015 Z. z. Spr\u00e1vneho&nbsp;s\u00fadneho poriadku v znen\u00ed neskor\u0161\u00edch predpisov na z\u00e1klade \u017ealoby podanej v lehote stanovenej z\u00e1konom.<br><br><a href=\"https:\/\/www.uvo.gov.sk\/register-verejnych-obstaravatelov\/detail\/21363?ext=0&amp;ico=54343461&amp;idTypObs=0&amp;limit=20&amp;nazov=&amp;page=1&amp;sidlo=&amp;sort=nazov&amp;sort-dir=ASC&amp;text=&amp;cHash=96e8f3fe2c7afbba93c54cbeb4ff67b1\">PROFIL VEREJN\u00c9HO OBSTAR\u00c1VATE\u013dA<\/a><\/p>\n\n\n<div class=\"jet-listing-dynamic-field-block\"data-is-block=\"jet-engine\/dynamic-field\"><div class=\"jet-listing jet-listing-dynamic-field display-inline\"><div class=\"jet-listing-dynamic-field__inline-wrap\"><div class=\"jet-listing-dynamic-field__content\" >Zverej\u0148ovanie<\/div><\/div><\/div><\/div>\n\n\n<h3 class=\"wp-block-heading\">Dokumenty na stiahnutie<\/h3>\n\n\n\n<div class=\"wp-block-group participacia_display_none is-layout-constrained wp-block-group-is-layout-constrained\"><div class='zverejnovanie-listing'><div><span><a href=\"https:\/\/niho.sk\/wp-content\/uploads\/2026\/04\/Objednavky-1.xlsx\" download>\n\t\t\t\t\t\t\t\t<span>Objedn\u00e1vky<\/span>\n\t\t\t\t\t\t\t\t<span>XLSX | 30 KB<\/span>\n\t\t\t\t\t\t\t<\/a><\/span><span><a href=\"https:\/\/niho.sk\/wp-content\/uploads\/2026\/04\/Faktury-dodavatelske-2026-1.xlsx\" download>\n\t\t\t\t\t\t\t\t<span>Fakt\u00fary<\/span>\n\t\t\t\t\t\t\t\t<span>XLSX | 113 KB<\/span>\n\t\t\t\t\t\t\t<\/a><\/span><span><a href=\"https:\/\/niho.sk\/wp-content\/uploads\/2023\/06\/Vyrocna-sprava_WEB.pdf\" download>\n\t\t\t\t\t\t\t\t<span>V\u00fdro\u010dn\u00e1 spr\u00e1va 2022<\/span>\n\t\t\t\t\t\t\t\t<span>PDF | 773 KB<\/span>\n\t\t\t\t\t\t\t<\/a><\/span><span><a href=\"https:\/\/niho.sk\/wp-content\/uploads\/2025\/10\/Rozpocet-schvaleny-dozornou-radou_na-web.xlsx\" download>\n\t\t\t\t\t\t\t\t<span>Rozpo\u010det schv\u00e1len\u00fd dozornou radou<\/span>\n\t\t\t\t\t\t\t\t<span>XLSX | 15 KB<\/span>\n\t\t\t\t\t\t\t<\/a><\/span><span><a href=\"https:\/\/niho.sk\/wp-content\/uploads\/2024\/06\/NIHO_Vyrocna-sprava-2023.pdf\" download>\n\t\t\t\t\t\t\t\t<span>V\u00fdro\u010dn\u00e1 spr\u00e1va 2023<\/span>\n\t\t\t\t\t\t\t\t<span>PDF | 650 KB<\/span>\n\t\t\t\t\t\t\t<\/a><\/span><span><a href=\"https:\/\/niho.sk\/wp-content\/uploads\/2025\/06\/Vyrocna-sprava-NIHO-2024_web.pdf\" download>\n\t\t\t\t\t\t\t\t<span>V\u00fdro\u010dn\u00e1 spr\u00e1va 2024<\/span>\n\t\t\t\t\t\t\t\t<span>PDF | 3 MB<\/span>\n\t\t\t\t\t\t\t<\/a><\/span><\/div><\/div>\n<\/div>\n\n\n<div class=\"jet-listing-grid--blocks  listing_zverejnovanie\"data-element-id=\"d36cf21a-747a-4811-b405-8f44cdbaf316\"data-listing-type=\"blocks\"data-is-block=\"jet-engine\/listing-grid\"><div class=\"jet-listing-grid jet-listing\"><div class=\"jet-listing-grid__items grid-col-desk-1 grid-col-tablet-1 grid-col-mobile-1 jet-listing-grid--2053\" data-queried-id=\"32|WP_Post\" data-cct-slug=\"zverejnovanie\" data-nav=\"{&quot;enabled&quot;:false,&quot;type&quot;:null,&quot;more_el&quot;:null,&quot;query&quot;:[],&quot;widget_settings&quot;:{&quot;lisitng_id&quot;:2053,&quot;posts_num&quot;:9999,&quot;columns&quot;:1,&quot;columns_tablet&quot;:1,&quot;columns_mobile&quot;:1,&quot;column_min_width&quot;:240,&quot;column_min_width_tablet&quot;:240,&quot;column_min_width_mobile&quot;:240,&quot;inline_columns_css&quot;:true,&quot;is_archive_template&quot;:&quot;&quot;,&quot;post_status&quot;:[&quot;publish&quot;],&quot;use_random_posts_num&quot;:&quot;&quot;,&quot;max_posts_num&quot;:6,&quot;not_found_message&quot;:&quot;No data was found&quot;,&quot;is_masonry&quot;:false,&quot;equal_columns_height&quot;:&quot;&quot;,&quot;use_load_more&quot;:&quot;&quot;,&quot;load_more_id&quot;:&quot;&quot;,&quot;load_more_type&quot;:&quot;click&quot;,&quot;load_more_offset&quot;:null,&quot;use_custom_post_types&quot;:&quot;&quot;,&quot;custom_post_types&quot;:[],&quot;hide_widget_if&quot;:&quot;&quot;,&quot;carousel_enabled&quot;:&quot;&quot;,&quot;slides_to_scroll&quot;:1,&quot;arrows&quot;:true,&quot;arrow_icon&quot;:&quot;fa fa-angle-left&quot;,&quot;dots&quot;:&quot;&quot;,&quot;autoplay&quot;:true,&quot;pause_on_hover&quot;:true,&quot;autoplay_speed&quot;:5000,&quot;infinite&quot;:true,&quot;center_mode&quot;:&quot;&quot;,&quot;effect&quot;:&quot;slide&quot;,&quot;speed&quot;:500,&quot;inject_alternative_items&quot;:&quot;&quot;,&quot;injection_items&quot;:[],&quot;scroll_slider_enabled&quot;:&quot;&quot;,&quot;scroll_slider_on&quot;:[&quot;desktop&quot;,&quot;tablet&quot;,&quot;mobile&quot;],&quot;custom_query&quot;:false,&quot;custom_query_id&quot;:&quot;&quot;,&quot;_element_id&quot;:&quot;&quot;,&quot;collapse_first_last_gap&quot;:false,&quot;list_tag_selection&quot;:&quot;&quot;,&quot;list_items_wrapper_tag&quot;:&quot;div&quot;,&quot;list_item_tag&quot;:&quot;div&quot;,&quot;empty_items_wrapper_tag&quot;:&quot;div&quot;}}\" data-page=\"1\" data-pages=\"1\" data-listing-source=\"custom_content_type\" data-listing-id=\"2053\" data-query-id=\"\"><div class=\"jet-listing-grid__item jet-listing-dynamic-post-19\" data-post-id=\"19\"  ><div class=\"jet-listing-dynamic-field-block participacia_dynamic_field_new\"data-is-block=\"jet-engine\/dynamic-field\"><div class=\"jet-listing jet-listing-dynamic-field participacia_dynamic_field_new display-inline\"><div class=\"jet-listing-dynamic-field__inline-wrap\"><div class=\"jet-listing-dynamic-field__content\" ><div class='custom-file-link'><span><a href=\"https:\/\/niho.sk\/wp-content\/uploads\/2025\/06\/Vyrocna-sprava-NIHO-2024_web.pdf\" download>\n\t\t\t\t\t\t<span>V\u00fdro\u010dn\u00e1 spr\u00e1va 2024<\/span>\n\t\t\t\t\t\t<span>PDF | 3 MB<\/span>\n\t\t\t\t\t<\/a><\/span><\/div><\/div><\/div><\/div><\/div><\/div><div class=\"jet-listing-grid__item jet-listing-dynamic-post-17\" data-post-id=\"17\"  ><div class=\"jet-listing-dynamic-field-block participacia_dynamic_field_new\"data-is-block=\"jet-engine\/dynamic-field\"><div class=\"jet-listing jet-listing-dynamic-field participacia_dynamic_field_new display-inline\"><div class=\"jet-listing-dynamic-field__inline-wrap\"><div class=\"jet-listing-dynamic-field__content\" ><div class='custom-file-link'><span><a href=\"https:\/\/niho.sk\/wp-content\/uploads\/2024\/06\/NIHO_Vyrocna-sprava-2023.pdf\" download>\n\t\t\t\t\t\t<span>V\u00fdro\u010dn\u00e1 spr\u00e1va 2023<\/span>\n\t\t\t\t\t\t<span>PDF | 650 KB<\/span>\n\t\t\t\t\t<\/a><\/span><\/div><\/div><\/div><\/div><\/div><\/div><div class=\"jet-listing-grid__item jet-listing-dynamic-post-16\" data-post-id=\"16\"  ><div class=\"jet-listing-dynamic-field-block participacia_dynamic_field_new\"data-is-block=\"jet-engine\/dynamic-field\"><div class=\"jet-listing jet-listing-dynamic-field participacia_dynamic_field_new display-inline\"><div class=\"jet-listing-dynamic-field__inline-wrap\"><div class=\"jet-listing-dynamic-field__content\" ><div class='custom-file-link'><span><a href=\"https:\/\/niho.sk\/wp-content\/uploads\/2025\/10\/Rozpocet-schvaleny-dozornou-radou_na-web.xlsx\" download>\n\t\t\t\t\t\t<span>Rozpocet-schvaleny-dozornou-radou_na-web<\/span>\n\t\t\t\t\t\t<span>XLSX | 15 KB<\/span>\n\t\t\t\t\t<\/a><\/span><\/div><\/div><\/div><\/div><\/div><\/div><div class=\"jet-listing-grid__item jet-listing-dynamic-post-11\" data-post-id=\"11\"  ><div class=\"jet-listing-dynamic-field-block participacia_dynamic_field_new\"data-is-block=\"jet-engine\/dynamic-field\"><div class=\"jet-listing jet-listing-dynamic-field participacia_dynamic_field_new display-inline\"><div class=\"jet-listing-dynamic-field__inline-wrap\"><div class=\"jet-listing-dynamic-field__content\" ><div class='custom-file-link'><span><a href=\"https:\/\/niho.sk\/wp-content\/uploads\/2023\/06\/Vyrocna-sprava_WEB.pdf\" download>\n\t\t\t\t\t\t<span>V\u00fdro\u010dn\u00e1 spr\u00e1va 2022<\/span>\n\t\t\t\t\t\t<span>PDF | 773 KB<\/span>\n\t\t\t\t\t<\/a><\/span><\/div><\/div><\/div><\/div><\/div><\/div><div class=\"jet-listing-grid__item jet-listing-dynamic-post-9\" data-post-id=\"9\"  ><div class=\"jet-listing-dynamic-field-block participacia_dynamic_field_new\"data-is-block=\"jet-engine\/dynamic-field\"><div class=\"jet-listing jet-listing-dynamic-field participacia_dynamic_field_new display-inline\"><div class=\"jet-listing-dynamic-field__inline-wrap\"><div class=\"jet-listing-dynamic-field__content\" ><div class='custom-file-link'><span><a href=\"https:\/\/niho.sk\/wp-content\/uploads\/2026\/04\/Faktury-dodavatelske-2026-1.xlsx\" download>\n\t\t\t\t\t\t<span>Fakt\u00fary dod\u00e1vate\u013esk\u00e9 2026<\/span>\n\t\t\t\t\t\t<span>XLSX | 113 KB<\/span>\n\t\t\t\t\t<\/a><\/span><\/div><\/div><\/div><\/div><\/div><\/div><div class=\"jet-listing-grid__item jet-listing-dynamic-post-6\" data-post-id=\"6\"  ><div class=\"jet-listing-dynamic-field-block participacia_dynamic_field_new\"data-is-block=\"jet-engine\/dynamic-field\"><div class=\"jet-listing jet-listing-dynamic-field participacia_dynamic_field_new display-inline\"><div class=\"jet-listing-dynamic-field__inline-wrap\"><div class=\"jet-listing-dynamic-field__content\" ><div class='custom-file-link'><span><a href=\"https:\/\/niho.sk\/wp-content\/uploads\/2026\/04\/Objednavky-1.xlsx\" download>\n\t\t\t\t\t\t<span>Objedn\u00e1vky<\/span>\n\t\t\t\t\t\t<span>XLSX | 30 KB<\/span>\n\t\t\t\t\t<\/a><\/span><\/div><\/div><\/div><\/div><\/div><\/div><\/div><\/div><\/div>\n\n<div class=\"jet-listing-grid--blocks  listing_zverejnovanie_en\"data-element-id=\"481e0f4c-3ee0-4a56-b7fa-aa7b87b59782\"data-listing-type=\"blocks\"data-is-block=\"jet-engine\/listing-grid\"><div class=\"jet-listing-grid jet-listing\"><div class=\"jet-listing-grid__items grid-col-desk-1 grid-col-tablet-1 grid-col-mobile-1 jet-listing-grid--2067\" data-queried-id=\"32|WP_Post\" data-cct-slug=\"zverejnovanie\" data-nav=\"{&quot;enabled&quot;:false,&quot;type&quot;:null,&quot;more_el&quot;:null,&quot;query&quot;:[],&quot;widget_settings&quot;:{&quot;lisitng_id&quot;:2067,&quot;posts_num&quot;:999,&quot;columns&quot;:1,&quot;columns_tablet&quot;:1,&quot;columns_mobile&quot;:1,&quot;column_min_width&quot;:240,&quot;column_min_width_tablet&quot;:240,&quot;column_min_width_mobile&quot;:240,&quot;inline_columns_css&quot;:true,&quot;is_archive_template&quot;:&quot;&quot;,&quot;post_status&quot;:[&quot;publish&quot;],&quot;use_random_posts_num&quot;:&quot;&quot;,&quot;max_posts_num&quot;:6,&quot;not_found_message&quot;:&quot;No data was found&quot;,&quot;is_masonry&quot;:false,&quot;equal_columns_height&quot;:&quot;&quot;,&quot;use_load_more&quot;:&quot;&quot;,&quot;load_more_id&quot;:&quot;&quot;,&quot;load_more_type&quot;:&quot;click&quot;,&quot;load_more_offset&quot;:null,&quot;use_custom_post_types&quot;:&quot;&quot;,&quot;custom_post_types&quot;:[],&quot;hide_widget_if&quot;:&quot;&quot;,&quot;carousel_enabled&quot;:&quot;&quot;,&quot;slides_to_scroll&quot;:1,&quot;arrows&quot;:true,&quot;arrow_icon&quot;:&quot;fa fa-angle-left&quot;,&quot;dots&quot;:&quot;&quot;,&quot;autoplay&quot;:true,&quot;pause_on_hover&quot;:true,&quot;autoplay_speed&quot;:5000,&quot;infinite&quot;:true,&quot;center_mode&quot;:&quot;&quot;,&quot;effect&quot;:&quot;slide&quot;,&quot;speed&quot;:500,&quot;inject_alternative_items&quot;:&quot;&quot;,&quot;injection_items&quot;:[],&quot;scroll_slider_enabled&quot;:&quot;&quot;,&quot;scroll_slider_on&quot;:[&quot;desktop&quot;,&quot;tablet&quot;,&quot;mobile&quot;],&quot;custom_query&quot;:false,&quot;custom_query_id&quot;:&quot;&quot;,&quot;_element_id&quot;:&quot;&quot;,&quot;collapse_first_last_gap&quot;:false,&quot;list_tag_selection&quot;:&quot;&quot;,&quot;list_items_wrapper_tag&quot;:&quot;div&quot;,&quot;list_item_tag&quot;:&quot;div&quot;,&quot;empty_items_wrapper_tag&quot;:&quot;div&quot;}}\" data-page=\"1\" data-pages=\"1\" data-listing-source=\"custom_content_type\" data-listing-id=\"2067\" data-query-id=\"\"><div class=\"jet-listing-grid__item jet-listing-dynamic-post-19\" data-post-id=\"19\"  ><div class=\"jet-listing-dynamic-field-block participacia_dynamic_field_new\"data-is-block=\"jet-engine\/dynamic-field\"><\/div><\/div><div class=\"jet-listing-grid__item jet-listing-dynamic-post-17\" data-post-id=\"17\"  ><div class=\"jet-listing-dynamic-field-block participacia_dynamic_field_new\"data-is-block=\"jet-engine\/dynamic-field\"><div class=\"jet-listing jet-listing-dynamic-field participacia_dynamic_field_new display-inline\"><div class=\"jet-listing-dynamic-field__inline-wrap\"><div class=\"jet-listing-dynamic-field__content\" ><div class='custom-file-link'><span><a href=\"https:\/\/niho.sk\/wp-content\/uploads\/2024\/06\/NIHO_Vyrocna-sprava-2023.pdf\" download>\n\t\t\t\t\t\t<span>V\u00fdro\u010dn\u00e1 spr\u00e1va 2023<\/span>\n\t\t\t\t\t\t<span>PDF | 650 KB<\/span>\n\t\t\t\t\t<\/a><\/span><\/div><\/div><\/div><\/div><\/div><\/div><div class=\"jet-listing-grid__item jet-listing-dynamic-post-16\" data-post-id=\"16\"  ><div class=\"jet-listing-dynamic-field-block participacia_dynamic_field_new\"data-is-block=\"jet-engine\/dynamic-field\"><div class=\"jet-listing jet-listing-dynamic-field participacia_dynamic_field_new display-inline\"><div class=\"jet-listing-dynamic-field__inline-wrap\"><div class=\"jet-listing-dynamic-field__content\" ><div class='custom-file-link'><span><a href=\"https:\/\/niho.sk\/wp-content\/uploads\/2025\/10\/Rozpocet-schvaleny-dozornou-radou_na-web.xlsx\" download>\n\t\t\t\t\t\t<span>Rozpocet-schvaleny-dozornou-radou_na-web<\/span>\n\t\t\t\t\t\t<span>XLSX | 15 KB<\/span>\n\t\t\t\t\t<\/a><\/span><\/div><\/div><\/div><\/div><\/div><\/div><div class=\"jet-listing-grid__item jet-listing-dynamic-post-11\" data-post-id=\"11\"  ><div class=\"jet-listing-dynamic-field-block participacia_dynamic_field_new\"data-is-block=\"jet-engine\/dynamic-field\"><div class=\"jet-listing jet-listing-dynamic-field participacia_dynamic_field_new display-inline\"><div class=\"jet-listing-dynamic-field__inline-wrap\"><div class=\"jet-listing-dynamic-field__content\" ><div class='custom-file-link'><span><a href=\"https:\/\/niho.sk\/wp-content\/uploads\/2024\/08\/NIHO_Annual-report_2022_MS.pdf\" download>\n\t\t\t\t\t\t<span>NIHO Annual report 2022<\/span>\n\t\t\t\t\t\t<span>PDF | 303 KB<\/span>\n\t\t\t\t\t<\/a><\/span><\/div><\/div><\/div><\/div><\/div><\/div><div class=\"jet-listing-grid__item jet-listing-dynamic-post-9\" data-post-id=\"9\"  ><div class=\"jet-listing-dynamic-field-block participacia_dynamic_field_new\"data-is-block=\"jet-engine\/dynamic-field\"><div class=\"jet-listing jet-listing-dynamic-field participacia_dynamic_field_new display-inline\"><div class=\"jet-listing-dynamic-field__inline-wrap\"><div class=\"jet-listing-dynamic-field__content\" ><div class='custom-file-link'><span><a href=\"https:\/\/niho.sk\/wp-content\/uploads\/2026\/04\/Faktury-dodavatelske-2026-1.xlsx\" download>\n\t\t\t\t\t\t<span>Fakt\u00fary dod\u00e1vate\u013esk\u00e9 2026<\/span>\n\t\t\t\t\t\t<span>XLSX | 113 KB<\/span>\n\t\t\t\t\t<\/a><\/span><\/div><\/div><\/div><\/div><\/div><\/div><div class=\"jet-listing-grid__item jet-listing-dynamic-post-6\" data-post-id=\"6\"  ><div class=\"jet-listing-dynamic-field-block participacia_dynamic_field_new\"data-is-block=\"jet-engine\/dynamic-field\"><div class=\"jet-listing jet-listing-dynamic-field participacia_dynamic_field_new display-inline\"><div class=\"jet-listing-dynamic-field__inline-wrap\"><div class=\"jet-listing-dynamic-field__content\" ><div class='custom-file-link'><span><a href=\"https:\/\/niho.sk\/wp-content\/uploads\/2026\/04\/Objednavky-1.xlsx\" download>\n\t\t\t\t\t\t<span>Objedn\u00e1vky<\/span>\n\t\t\t\t\t\t<span>XLSX | 30 KB<\/span>\n\t\t\t\t\t<\/a><\/span><\/div><\/div><\/div><\/div><\/div><\/div><\/div><\/div><\/div><\/div>\n<\/div>\n<\/div>\n","protected":false},"excerpt":{"rendered":"<p>Zverej\u0148ovanie S cie\u013eom plni\u0165 povinnosti vypl\u00fdvaj\u00face zo z\u00e1kona \u010d. 211\/2000 Z.z. o slobodnom pr\u00edstupe k inform\u00e1ci\u00e1m zverej\u0148uje NIHO nasledovn\u00e9 inform\u00e1cie: Zmluvy Zmluvy zverejnen\u00e9 na crz.gov.sk Postup pri \u017eiadostiach o spr\u00edstupnenie inform\u00e1ci\u00ed \u017diados\u0165 o spr\u00edstupnenie inform\u00e1cie vybavuje NIHO v s\u00falade so z\u00e1konom \u010d. 211\/2000 Z. z. o slobodnom pr\u00edstupe k&nbsp;inform\u00e1ci\u00e1m v&nbsp;znen\u00ed neskor\u0161\u00edch predpisov: Rozhodnutie o odmietnut\u00ed [&hellip;]<\/p>\n","protected":false},"author":1,"featured_media":0,"parent":0,"menu_order":0,"comment_status":"closed","ping_status":"closed","template":"","meta":{"inline_featured_image":false,"footnotes":""},"class_list":["post-32","page","type-page","status-publish","hentry"],"_links":{"self":[{"href":"https:\/\/niho.sk\/en\/wp-json\/wp\/v2\/pages\/32","targetHints":{"allow":["GET"]}}],"collection":[{"href":"https:\/\/niho.sk\/en\/wp-json\/wp\/v2\/pages"}],"about":[{"href":"https:\/\/niho.sk\/en\/wp-json\/wp\/v2\/types\/page"}],"author":[{"embeddable":true,"href":"https:\/\/niho.sk\/en\/wp-json\/wp\/v2\/users\/1"}],"replies":[{"embeddable":true,"href":"https:\/\/niho.sk\/en\/wp-json\/wp\/v2\/comments?post=32"}],"version-history":[{"count":0,"href":"https:\/\/niho.sk\/en\/wp-json\/wp\/v2\/pages\/32\/revisions"}],"wp:attachment":[{"href":"https:\/\/niho.sk\/en\/wp-json\/wp\/v2\/media?parent=32"}],"curies":[{"name":"wp","href":"https:\/\/api.w.org\/{rel}","templated":true}]}}