{"id":2320,"date":"2024-12-02T00:23:06","date_gmt":"2024-12-01T23:23:06","guid":{"rendered":"https:\/\/niho.sk\/?page_id=2320"},"modified":"2024-12-02T22:57:30","modified_gmt":"2024-12-02T21:57:30","slug":"aktuality","status":"publish","type":"page","link":"https:\/\/niho.sk\/en\/aktuality\/","title":{"rendered":"News"},"content":{"rendered":"\n<div class=\"wp-block-group w-100 max-w-100  margin-0 is-layout-constrained wp-block-group-is-layout-constrained\">\n<div id=\"aktuality_dynamic_new\" class=\"wp-block-group defaultWidthGroup defaultPaddingGroup is-layout-flow wp-block-group-is-layout-flow\">\n<h1 class=\"wp-block-heading\">Aktuality<\/h1>\n\n\n\n<div id=\"listing_zverejnovanie\" class=\"wp-block-group is-layout-flow wp-block-group-is-layout-flow\">\n<div class=\"wp-block-group projekty-listing-filters is-layout-constrained wp-block-group-is-layout-constrained\"><div class=\"jet-smart-filters-select jet-filter \" data-is-block=\"jet-smart-filters\/select\" data-indexer-rule=\"show\" data-show-counter=\"\" data-change-counter=\"always\"><div class=\"jet-filter-label\">Kateg\u00f3ria aktuality<\/div>\n<div class=\"jet-select\" data-query-type=\"tax_query\" data-query-var=\"kategoria-aktuality\" data-smart-filter=\"select\" data-filter-id=\"2332\" data-apply-type=\"reload\" data-content-provider=\"jet-engine\" data-additional-providers=\"\" data-query-id=\"listing1\" data-active-label=\"Kateg\u00f3ria  aktuality\" data-layout-options=\"{&quot;show_label&quot;:true,&quot;display_options&quot;:{&quot;show_items_label&quot;:true,&quot;show_decorator&quot;:true,&quot;filter_image_size&quot;:&quot;full&quot;,&quot;show_counter&quot;:false}}\" data-query-var-suffix=\"\" data-apply-on=\"value\">\n\t\t\t\t<select\n\t\t\tclass=\"jet-select__control\"\n\t\t\tname=\"kategoria-aktuality\"\n\t\t\t\t\t\taria-label=\"Kateg\u00f3ria aktuality\"\n\t\t>\n\t\t\t\t\t\t\t\t\t\t<option\n\t\t\t\t\tvalue=\"\"\n\t\t\t\t\tdata-label=\"V\u0161etky aktuality\"\n\t\t\t\t\tdata-counter-prefix=\"\"\n\t\t\t\t\tdata-counter-suffix=\"\"\n\t\t\t\t\t\t\t\t\t\t\t\t\t\t>\n\t\t\t\t\tV\u0161etky aktuality\t\t\t\t<\/option>\n\t\t\t\t\t\t\t\t<option\n\t\t\t\t\tvalue=\"152\"\n\t\t\t\t\tdata-label=\"Stanovisko\"\n\t\t\t\t\tdata-counter-prefix=\"\"\n\t\t\t\t\tdata-counter-suffix=\"\"\n\t\t\t\t\t\t\t\t\t\t\t\t\t\t>\n\t\t\t\t\tStanovisko\t\t\t\t<\/option>\n\t\t\t\t<\/select>\n\t<\/div><\/div>\n\n\n<p><a href=\"https:\/\/niho.sk\/aktuality\/\" data-type=\"page\" data-id=\"751\">Zru\u0161i\u0165 filter<\/a><\/p>\n<\/div>\n\n\n<div class=\"jet-listing-grid--blocks  projekty-listing \"data-element-id=\"951ddfc5-6535-40c2-8992-f3cbd416d89b\"data-listing-type=\"blocks\"data-is-block=\"jet-engine\/listing-grid\"id=\"listing1\"><div class=\"jet-listing-grid jet-listing\"><div class=\"jet-listing-grid__items grid-col-desk-1 grid-col-tablet-1 grid-col-mobile-1 jet-listing-grid--2324\" data-queried-id=\"2320|WP_Post\" data-nav=\"{&quot;enabled&quot;:false,&quot;type&quot;:null,&quot;more_el&quot;:null,&quot;query&quot;:[],&quot;widget_settings&quot;:{&quot;lisitng_id&quot;:2324,&quot;posts_num&quot;:8,&quot;columns&quot;:1,&quot;columns_tablet&quot;:1,&quot;columns_mobile&quot;:1,&quot;column_min_width&quot;:240,&quot;column_min_width_tablet&quot;:240,&quot;column_min_width_mobile&quot;:240,&quot;inline_columns_css&quot;:true,&quot;is_archive_template&quot;:&quot;&quot;,&quot;post_status&quot;:[&quot;publish&quot;],&quot;use_random_posts_num&quot;:&quot;&quot;,&quot;max_posts_num&quot;:6,&quot;not_found_message&quot;:&quot;Vybran\\u00fdm filtrom nezodpovedaj\\u00fa \\u017eiadne projekty&quot;,&quot;is_masonry&quot;:false,&quot;equal_columns_height&quot;:&quot;&quot;,&quot;use_load_more&quot;:&quot;&quot;,&quot;load_more_id&quot;:&quot;&quot;,&quot;load_more_type&quot;:&quot;click&quot;,&quot;load_more_offset&quot;:null,&quot;use_custom_post_types&quot;:&quot;&quot;,&quot;custom_post_types&quot;:[],&quot;hide_widget_if&quot;:&quot;&quot;,&quot;carousel_enabled&quot;:&quot;&quot;,&quot;slides_to_scroll&quot;:1,&quot;arrows&quot;:true,&quot;arrow_icon&quot;:&quot;fa fa-angle-left&quot;,&quot;dots&quot;:&quot;&quot;,&quot;autoplay&quot;:true,&quot;pause_on_hover&quot;:true,&quot;autoplay_speed&quot;:5000,&quot;infinite&quot;:true,&quot;center_mode&quot;:&quot;&quot;,&quot;effect&quot;:&quot;slide&quot;,&quot;speed&quot;:500,&quot;inject_alternative_items&quot;:&quot;&quot;,&quot;injection_items&quot;:[],&quot;scroll_slider_enabled&quot;:&quot;&quot;,&quot;scroll_slider_on&quot;:[&quot;desktop&quot;,&quot;tablet&quot;,&quot;mobile&quot;],&quot;custom_query&quot;:false,&quot;custom_query_id&quot;:&quot;&quot;,&quot;_element_id&quot;:&quot;listing1&quot;,&quot;collapse_first_last_gap&quot;:false,&quot;list_tag_selection&quot;:&quot;&quot;,&quot;list_items_wrapper_tag&quot;:&quot;div&quot;,&quot;list_item_tag&quot;:&quot;div&quot;,&quot;empty_items_wrapper_tag&quot;:&quot;div&quot;}}\" data-page=\"1\" data-pages=\"1\" data-listing-source=\"posts\" data-listing-id=\"2324\" data-query-id=\"\"><div class=\"jet-listing-grid__item jet-listing-dynamic-post-3039\" data-post-id=\"3039\"  >\n<div id=\"aktuality_skupina_check\" class=\"wp-block-group projekt-header is-layout-flow wp-block-group-is-layout-flow\"><div class=\"jet-listing-dynamic-field-block\"data-is-block=\"jet-engine\/dynamic-field\"><div class=\"jet-listing jet-listing-dynamic-field display-inline\"><div class=\"jet-listing-dynamic-field__inline-wrap\"><div class=\"jet-listing-dynamic-field__content\" >Postup NIHO pri hodnoteniach \u017eiadost\u00ed po zmene z\u00e1kona o NIHO z 08\/2024_aktualiz\u00e1cia<\/div><\/div><\/div><\/div>\n\n<div data-is-block=\"jet-engine\/dynamic-terms\"><div class=\"jet-listing jet-listing-dynamic-terms\"><span class=\"jet-listing-dynamic-terms__link\">Stanovisko<\/span><\/div><\/div>\n\n<div class=\"jet-listing-dynamic-field-block datum\"data-is-block=\"jet-engine\/dynamic-field\"><div class=\"jet-listing jet-listing-dynamic-field datum display-inline\"><div class=\"jet-listing-dynamic-field__inline-wrap\"><div class=\"jet-listing-dynamic-field__content\" ><span>28.01.2026<\/span><span>99.99.9999<\/span><\/div><\/div><\/div><\/div>\n\n<div class=\"jet-listing-dynamic-field-block aktuality_subor\"data-is-block=\"jet-engine\/dynamic-field\"><div class=\"jet-listing jet-listing-dynamic-field aktuality_subor display-inline\"><div class=\"jet-listing-dynamic-field__inline-wrap\"><div class=\"jet-listing-dynamic-field__content\" ><div class='custom-file-link'><span><a href=\"https:\/\/niho.sk\/wp-content\/uploads\/2026\/01\/Postup-NIHO-pri-hodnoteniach-ziadosti-po-zmene-zakona-o-NIHO-z-08_2024_aktualizacia.pdf\" download>\n\t\t\t\t\t\t<span>Stiahnu\u0165<\/span>\n\t\t\t\t\t\t<span>PDF | 43 KB<\/span>\n\t\t\t\t\t<\/a><\/span><\/div> <\/div><\/div><\/div><\/div><\/div>\n<\/div><div class=\"jet-listing-grid__item jet-listing-dynamic-post-2930\" data-post-id=\"2930\"  >\n<div id=\"aktuality_skupina_check\" class=\"wp-block-group projekt-header is-layout-flow wp-block-group-is-layout-flow\"><div class=\"jet-listing-dynamic-field-block\"data-is-block=\"jet-engine\/dynamic-field\"><div class=\"jet-listing jet-listing-dynamic-field display-inline\"><div class=\"jet-listing-dynamic-field__inline-wrap\"><div class=\"jet-listing-dynamic-field__content\" >Vyjadrenie NIHO k stanovisku Healthy Future of Slovakia k liekovej  politike<\/div><\/div><\/div><\/div>\n\n<div class=\"\"data-is-block=\"jet-engine\/dynamic-terms\"><div class=\"jet-listing jet-listing-dynamic-terms\"><span class=\"jet-listing-dynamic-terms__link\">Stanovisko<\/span><\/div><\/div>\n\n<div class=\"jet-listing-dynamic-field-block datum\"data-is-block=\"jet-engine\/dynamic-field\"><div class=\"jet-listing jet-listing-dynamic-field datum display-inline\"><div class=\"jet-listing-dynamic-field__inline-wrap\"><div class=\"jet-listing-dynamic-field__content\" ><span>03.10.2025<\/span><span>99.99.9999<\/span><\/div><\/div><\/div><\/div>\n\n<div class=\"jet-listing-dynamic-field-block aktuality_subor\"data-is-block=\"jet-engine\/dynamic-field\"><div class=\"jet-listing jet-listing-dynamic-field aktuality_subor display-inline\"><div class=\"jet-listing-dynamic-field__inline-wrap\"><div class=\"jet-listing-dynamic-field__content\" ><div class='custom-file-link'><span><a href=\"https:\/\/niho.sk\/wp-content\/uploads\/2025\/10\/Stanovisko_NIHO_HFS_FINII.pdf\" download>\n\t\t\t\t\t\t<span>Stiahnu\u0165<\/span>\n\t\t\t\t\t\t<span>PDF | 129 KB<\/span>\n\t\t\t\t\t<\/a><\/span><\/div> <\/div><\/div><\/div><\/div><\/div>\n<\/div><div class=\"jet-listing-grid__item jet-listing-dynamic-post-2486\" data-post-id=\"2486\"  >\n<div id=\"aktuality_skupina_check\" class=\"wp-block-group projekt-header is-layout-flow wp-block-group-is-layout-flow\"><div class=\"jet-listing-dynamic-field-block\"data-is-block=\"jet-engine\/dynamic-field\"><div class=\"jet-listing jet-listing-dynamic-field display-inline\"><div class=\"jet-listing-dynamic-field__inline-wrap\"><div class=\"jet-listing-dynamic-field__content\" >Postup NIHO pri hodnoteniach \u017eiadost\u00ed po zmene z\u00e1kona o\u00a0NIHO z\u00a008\/2024<\/div><\/div><\/div><\/div>\n\n<div class=\"\"data-is-block=\"jet-engine\/dynamic-terms\"><div class=\"jet-listing jet-listing-dynamic-terms\"><span class=\"jet-listing-dynamic-terms__link\">Stanovisko<\/span><\/div><\/div>\n\n<div class=\"jet-listing-dynamic-field-block datum\"data-is-block=\"jet-engine\/dynamic-field\"><div class=\"jet-listing jet-listing-dynamic-field datum display-inline\"><div class=\"jet-listing-dynamic-field__inline-wrap\"><div class=\"jet-listing-dynamic-field__content\" ><span>05.12.2024<\/span><span>99.99.9999<\/span><\/div><\/div><\/div><\/div>\n\n<div class=\"jet-listing-dynamic-field-block aktuality_subor\"data-is-block=\"jet-engine\/dynamic-field\"><div class=\"jet-listing jet-listing-dynamic-field aktuality_subor display-inline\"><div class=\"jet-listing-dynamic-field__inline-wrap\"><div class=\"jet-listing-dynamic-field__content\" ><div class='custom-file-link'><span><a href=\"https:\/\/niho.sk\/wp-content\/uploads\/2024\/12\/Postup-NIHO-pri-hodnoteniach-ziadosti-po-zmene-zakona-o-NIHO-z-082024.pdf\" download>\n\t\t\t\t\t\t<span>Stiahnu\u0165<\/span>\n\t\t\t\t\t\t<span>PDF | 45 KB<\/span>\n\t\t\t\t\t<\/a><\/span><\/div> <\/div><\/div><\/div><\/div><\/div>\n<\/div><\/div><\/div><\/div><\/div>\n\n\n\n<div id=\"listing_zverejnovanie_en\" class=\"wp-block-group is-layout-flow wp-block-group-is-layout-flow\">\n<div class=\"wp-block-group projekty-listing-filters is-layout-constrained wp-block-group-is-layout-constrained\"><div class=\"jet-smart-filters-select jet-filter \" data-is-block=\"jet-smart-filters\/select\" data-indexer-rule=\"show\" data-show-counter=\"\" data-change-counter=\"always\"><div class=\"jet-filter-label\">Kateg\u00f3ria aktuality<\/div>\n<div class=\"jet-select\" data-query-type=\"tax_query\" data-query-var=\"kategoria-aktuality\" data-smart-filter=\"select\" data-filter-id=\"2332\" data-apply-type=\"reload\" data-content-provider=\"jet-engine\" data-additional-providers=\"\" data-query-id=\"listing2\" data-active-label=\"Kateg\u00f3ria  aktuality\" data-layout-options=\"{&quot;show_label&quot;:true,&quot;display_options&quot;:{&quot;show_items_label&quot;:true,&quot;show_decorator&quot;:true,&quot;filter_image_size&quot;:&quot;full&quot;,&quot;show_counter&quot;:false}}\" data-query-var-suffix=\"\" data-apply-on=\"value\">\n\t\t\t\t<select\n\t\t\tclass=\"jet-select__control\"\n\t\t\tname=\"kategoria-aktuality\"\n\t\t\t\t\t\taria-label=\"Kateg\u00f3ria aktuality\"\n\t\t>\n\t\t\t\t\t\t\t\t\t\t<option\n\t\t\t\t\tvalue=\"\"\n\t\t\t\t\tdata-label=\"V\u0161etky aktuality\"\n\t\t\t\t\tdata-counter-prefix=\"\"\n\t\t\t\t\tdata-counter-suffix=\"\"\n\t\t\t\t\t\t\t\t\t\t\t\t\t\t>\n\t\t\t\t\tV\u0161etky aktuality\t\t\t\t<\/option>\n\t\t\t\t\t\t\t\t<option\n\t\t\t\t\tvalue=\"152\"\n\t\t\t\t\tdata-label=\"Stanovisko\"\n\t\t\t\t\tdata-counter-prefix=\"\"\n\t\t\t\t\tdata-counter-suffix=\"\"\n\t\t\t\t\t\t\t\t\t\t\t\t\t\t>\n\t\t\t\t\tStanovisko\t\t\t\t<\/option>\n\t\t\t\t<\/select>\n\t<\/div><\/div>\n\n\n<p><a href=\"https:\/\/niho.sk\/en\/aktuality\/\" data-type=\"page\" data-id=\"751\">Zru\u0161i\u0165 filter<\/a><\/p>\n<\/div>\n\n\n<div class=\"jet-listing-grid--blocks  projekty-listing \"data-element-id=\"951ddfc5-6535-40c2-8992-f3cbd416d89b\"data-listing-type=\"blocks\"data-is-block=\"jet-engine\/listing-grid\"id=\"listing2\"><div class=\"jet-listing-grid jet-listing\"><div class=\"jet-listing-grid__items grid-col-desk-1 grid-col-tablet-1 grid-col-mobile-1 jet-listing-grid--2355\" data-queried-id=\"2320|WP_Post\" data-nav=\"{&quot;enabled&quot;:false,&quot;type&quot;:null,&quot;more_el&quot;:null,&quot;query&quot;:[],&quot;widget_settings&quot;:{&quot;lisitng_id&quot;:2355,&quot;posts_num&quot;:8,&quot;columns&quot;:1,&quot;columns_tablet&quot;:1,&quot;columns_mobile&quot;:1,&quot;column_min_width&quot;:240,&quot;column_min_width_tablet&quot;:240,&quot;column_min_width_mobile&quot;:240,&quot;inline_columns_css&quot;:true,&quot;is_archive_template&quot;:&quot;&quot;,&quot;post_status&quot;:[&quot;publish&quot;],&quot;use_random_posts_num&quot;:&quot;&quot;,&quot;max_posts_num&quot;:6,&quot;not_found_message&quot;:&quot;Vybran\\u00fdm filtrom nezodpovedaj\\u00fa \\u017eiadne projekty&quot;,&quot;is_masonry&quot;:false,&quot;equal_columns_height&quot;:&quot;&quot;,&quot;use_load_more&quot;:&quot;&quot;,&quot;load_more_id&quot;:&quot;&quot;,&quot;load_more_type&quot;:&quot;click&quot;,&quot;load_more_offset&quot;:null,&quot;use_custom_post_types&quot;:&quot;&quot;,&quot;custom_post_types&quot;:[],&quot;hide_widget_if&quot;:&quot;&quot;,&quot;carousel_enabled&quot;:&quot;&quot;,&quot;slides_to_scroll&quot;:1,&quot;arrows&quot;:true,&quot;arrow_icon&quot;:&quot;fa fa-angle-left&quot;,&quot;dots&quot;:&quot;&quot;,&quot;autoplay&quot;:true,&quot;pause_on_hover&quot;:true,&quot;autoplay_speed&quot;:5000,&quot;infinite&quot;:true,&quot;center_mode&quot;:&quot;&quot;,&quot;effect&quot;:&quot;slide&quot;,&quot;speed&quot;:500,&quot;inject_alternative_items&quot;:&quot;&quot;,&quot;injection_items&quot;:[],&quot;scroll_slider_enabled&quot;:&quot;&quot;,&quot;scroll_slider_on&quot;:[&quot;desktop&quot;,&quot;tablet&quot;,&quot;mobile&quot;],&quot;custom_query&quot;:false,&quot;custom_query_id&quot;:&quot;&quot;,&quot;_element_id&quot;:&quot;listing2&quot;,&quot;collapse_first_last_gap&quot;:false,&quot;list_tag_selection&quot;:&quot;&quot;,&quot;list_items_wrapper_tag&quot;:&quot;div&quot;,&quot;list_item_tag&quot;:&quot;div&quot;,&quot;empty_items_wrapper_tag&quot;:&quot;div&quot;}}\" data-page=\"1\" data-pages=\"1\" data-listing-source=\"posts\" data-listing-id=\"2355\" data-query-id=\"\"><div class=\"jet-listing-grid__item jet-listing-dynamic-post-3039\" data-post-id=\"3039\"  >\n<div id=\"aktuality_skupina_check\" class=\"wp-block-group projekt-header is-layout-flow wp-block-group-is-layout-flow\"><div class=\"jet-listing-dynamic-field-block\"data-is-block=\"jet-engine\/dynamic-field\"><div class=\"jet-listing jet-listing-dynamic-field display-inline\"><div class=\"jet-listing-dynamic-field__inline-wrap\"><div class=\"jet-listing-dynamic-field__content\" >Postup NIHO pri hodnoteniach \u017eiadost\u00ed po zmene z\u00e1kona o NIHO z 08\/2024_aktualiz\u00e1cia<\/div><\/div><\/div><\/div>\n\n<div class=\"\"data-is-block=\"jet-engine\/dynamic-terms\"><div class=\"jet-listing jet-listing-dynamic-terms\"><span class=\"jet-listing-dynamic-terms__link\">Stanovisko<\/span><\/div><\/div>\n\n<div class=\"jet-listing-dynamic-field-block datum\"data-is-block=\"jet-engine\/dynamic-field\"><div class=\"jet-listing jet-listing-dynamic-field datum display-inline\"><div class=\"jet-listing-dynamic-field__inline-wrap\"><div class=\"jet-listing-dynamic-field__content\" ><span>28.01.2026<\/span><span>99.99.9999<\/span><\/div><\/div><\/div><\/div>\n\n<div class=\"jet-listing-dynamic-field-block aktuality_subor\"data-is-block=\"jet-engine\/dynamic-field\"><div class=\"jet-listing jet-listing-dynamic-field aktuality_subor display-inline\"><div class=\"jet-listing-dynamic-field__inline-wrap\"><div class=\"jet-listing-dynamic-field__content\" ><div class='custom-file-link'><span><a href=\"https:\/\/niho.sk\/wp-content\/uploads\/2026\/01\/Postup-NIHO-pri-hodnoteniach-ziadosti-po-zmene-zakona-o-NIHO-z-08_2024_aktualizacia.pdf\" download>\n\t\t\t\t\t\t<span>Stiahnu\u0165<\/span>\n\t\t\t\t\t\t<span>PDF | 43 KB<\/span>\n\t\t\t\t\t<\/a><\/span><\/div> <\/div><\/div><\/div><\/div><\/div>\n<\/div><div class=\"jet-listing-grid__item jet-listing-dynamic-post-2930\" data-post-id=\"2930\"  >\n<div id=\"aktuality_skupina_check\" class=\"wp-block-group projekt-header is-layout-flow wp-block-group-is-layout-flow\"><div class=\"jet-listing-dynamic-field-block\"data-is-block=\"jet-engine\/dynamic-field\"><div class=\"jet-listing jet-listing-dynamic-field display-inline\"><div class=\"jet-listing-dynamic-field__inline-wrap\"><div class=\"jet-listing-dynamic-field__content\" >Vyjadrenie NIHO k stanovisku Healthy Future of Slovakia k liekovej  politike<\/div><\/div><\/div><\/div>\n\n<div class=\"\"data-is-block=\"jet-engine\/dynamic-terms\"><div class=\"jet-listing jet-listing-dynamic-terms\"><span class=\"jet-listing-dynamic-terms__link\">Stanovisko<\/span><\/div><\/div>\n\n<div class=\"jet-listing-dynamic-field-block datum\"data-is-block=\"jet-engine\/dynamic-field\"><div class=\"jet-listing jet-listing-dynamic-field datum display-inline\"><div class=\"jet-listing-dynamic-field__inline-wrap\"><div class=\"jet-listing-dynamic-field__content\" ><span>03.10.2025<\/span><span>99.99.9999<\/span><\/div><\/div><\/div><\/div>\n\n<div class=\"jet-listing-dynamic-field-block aktuality_subor\"data-is-block=\"jet-engine\/dynamic-field\"><div class=\"jet-listing jet-listing-dynamic-field aktuality_subor display-inline\"><div class=\"jet-listing-dynamic-field__inline-wrap\"><div class=\"jet-listing-dynamic-field__content\" ><div class='custom-file-link'><span><a href=\"https:\/\/niho.sk\/wp-content\/uploads\/2025\/10\/Stanovisko_NIHO_HFS_FINII.pdf\" download>\n\t\t\t\t\t\t<span>Stiahnu\u0165<\/span>\n\t\t\t\t\t\t<span>PDF | 129 KB<\/span>\n\t\t\t\t\t<\/a><\/span><\/div> <\/div><\/div><\/div><\/div><\/div>\n<\/div><div class=\"jet-listing-grid__item jet-listing-dynamic-post-2486\" data-post-id=\"2486\"  >\n<div id=\"aktuality_skupina_check\" class=\"wp-block-group projekt-header is-layout-flow wp-block-group-is-layout-flow\"><div class=\"jet-listing-dynamic-field-block\"data-is-block=\"jet-engine\/dynamic-field\"><div class=\"jet-listing jet-listing-dynamic-field display-inline\"><div class=\"jet-listing-dynamic-field__inline-wrap\"><div class=\"jet-listing-dynamic-field__content\" >Postup NIHO pri hodnoteniach \u017eiadost\u00ed po zmene z\u00e1kona o\u00a0NIHO z\u00a008\/2024<\/div><\/div><\/div><\/div>\n\n<div class=\"\"data-is-block=\"jet-engine\/dynamic-terms\"><div class=\"jet-listing jet-listing-dynamic-terms\"><span class=\"jet-listing-dynamic-terms__link\">Stanovisko<\/span><\/div><\/div>\n\n<div class=\"jet-listing-dynamic-field-block datum\"data-is-block=\"jet-engine\/dynamic-field\"><div class=\"jet-listing jet-listing-dynamic-field datum display-inline\"><div class=\"jet-listing-dynamic-field__inline-wrap\"><div class=\"jet-listing-dynamic-field__content\" ><span>05.12.2024<\/span><span>99.99.9999<\/span><\/div><\/div><\/div><\/div>\n\n<div class=\"jet-listing-dynamic-field-block aktuality_subor\"data-is-block=\"jet-engine\/dynamic-field\"><div class=\"jet-listing jet-listing-dynamic-field aktuality_subor display-inline\"><div class=\"jet-listing-dynamic-field__inline-wrap\"><div class=\"jet-listing-dynamic-field__content\" ><div class='custom-file-link'><span><a href=\"https:\/\/niho.sk\/wp-content\/uploads\/2024\/12\/Postup-NIHO-pri-hodnoteniach-ziadosti-po-zmene-zakona-o-NIHO-z-082024.pdf\" download>\n\t\t\t\t\t\t<span>Stiahnu\u0165<\/span>\n\t\t\t\t\t\t<span>PDF | 45 KB<\/span>\n\t\t\t\t\t<\/a><\/span><\/div> <\/div><\/div><\/div><\/div><\/div>\n<\/div><\/div><\/div><\/div><\/div>\n\n\n<div\n\t\t\t\t\tclass=\"jet-smart-filters-pagination jet-filter\"\n\t\t\t\t\tdata-is-block=\"jet-smart-filters\/pagination\"\n\t\t\t\t\tdata-apply-provider=\"jet-engine\"\n\t\t\t\t\tdata-content-provider=\"jet-engine\"\n\t\t\t\t\tdata-query-id=\"default\"\n\t\t\t\t\tdata-additional-providers=\"\"\n\t\t\t\t\tdata-controls=\"{&quot;items_enabled&quot;:true,&quot;pages_mid_size&quot;:0,&quot;pages_end_size&quot;:0,&quot;nav_enabled&quot;:false,&quot;load_more_enabled&quot;:false,&quot;provider_top_offset&quot;:0}\"\n\t\t\t\t\tdata-apply-type=\"ajax\"\n\t\t\t\t><\/div><\/div>\n<\/div>\n","protected":false},"excerpt":{"rendered":"<p>Aktuality Zru\u0161i\u0165 filter Zru\u0161i\u0165 filter<\/p>","protected":false},"author":1,"featured_media":0,"parent":0,"menu_order":0,"comment_status":"closed","ping_status":"closed","template":"","meta":{"inline_featured_image":false,"footnotes":""},"class_list":["post-2320","page","type-page","status-publish","hentry"],"_links":{"self":[{"href":"https:\/\/niho.sk\/en\/wp-json\/wp\/v2\/pages\/2320","targetHints":{"allow":["GET"]}}],"collection":[{"href":"https:\/\/niho.sk\/en\/wp-json\/wp\/v2\/pages"}],"about":[{"href":"https:\/\/niho.sk\/en\/wp-json\/wp\/v2\/types\/page"}],"author":[{"embeddable":true,"href":"https:\/\/niho.sk\/en\/wp-json\/wp\/v2\/users\/1"}],"replies":[{"embeddable":true,"href":"https:\/\/niho.sk\/en\/wp-json\/wp\/v2\/comments?post=2320"}],"version-history":[{"count":0,"href":"https:\/\/niho.sk\/en\/wp-json\/wp\/v2\/pages\/2320\/revisions"}],"wp:attachment":[{"href":"https:\/\/niho.sk\/en\/wp-json\/wp\/v2\/media?parent=2320"}],"curies":[{"name":"wp","href":"https:\/\/api.w.org\/{rel}","templated":true}]}}