{"id":136,"date":"2022-05-16T14:56:30","date_gmt":"2022-05-16T12:56:30","guid":{"rendered":"https:\/\/www.niho.sk\/?page_id=136"},"modified":"2025-01-24T11:43:53","modified_gmt":"2025-01-24T10:43:53","slug":"hlavna-uloha-a-dalsie-ulohy-niho","status":"publish","type":"page","link":"https:\/\/niho.sk\/en\/ako-funguje-system-na-slovensku\/hlavna-uloha-a-dalsie-ulohy-niho\/","title":{"rendered":"The main task and future tasks of NIHO"},"content":{"rendered":"<div class=\"wp-block-group w-100 max-w-100  margin-0 is-layout-flow wp-block-group-is-layout-flow\">\n<div class=\"wp-block-group defaultWidthGroup defaultPaddingGroup is-layout-flow wp-block-group-is-layout-flow\">\n<div class=\"wp-block-columns o-nas-container is-layout-flex wp-container-core-columns-is-layout-28f84493 wp-block-columns-is-layout-flex\">\n<div class=\"wp-block-column is-layout-flow wp-block-column-is-layout-flow\" style=\"flex-basis:66.66%\">\n<h2 class=\"wp-block-heading padding-top-20\">The main task<\/h2>\n\n\n\n<p class=\"translation-block\">The main task of NIHO is to bring scientific approach and\u202ftransparency to the <a rel=\"noreferrer noopener\" href=\"https:\/\/niho.sk\/en\/ako-funguje-system-na-slovensku\/\" target=\"_blank\" role=\"link\">process of reimbursement<\/a> of health technologies in Slovakia. NIHO assesses technologies whose marketing authorization holders apply for\u202freimbursement. For this purpose, NIHO studies large amounts of available information on\u202fgiven technology and\u202fprocesses it into an understandable form for decision-makers and health authorities. NIHOis an advisory body of the Ministry of Health of the Slovak Republic and\u202fits appraisal committees responsible for advising reimbursement decision. NIHO calculates the maximum price for which the Slovak Republic is able to pay reimburse the given technology as the cost-effectiveness threshold in Slovakia is set in law. NIHO does not issue decisions, this competence remains in the hands of the Ministry of Health.<\/p>\n\n\n\n<h2 class=\"wp-block-heading padding-top-20\">Future tasks<\/h2>\n\n\n\n<p>Another task of NIHO is to answer various questions in the field of\u202fhealth care and\u202fthus contribute to a better application of the most up-to-date knowledge. Examples of topics we have worked on include: how to set up a sustainable system of exceptional reimbursement of medicines; what is the availability of the most beneficial oncology medicines in Slovakia; how to set up a system of reimbursement groups; how to optimize medicine legislation or a number of issues resulting from non-standard situations such as the COVID-19 pandemic. The training of\u202fexperts in the use of evidence-based medicine is another important mission of NIHO.<\/p>\n\n\n\n<h2 class=\"wp-block-heading padding-top-20\">Cooperation with foreign countries<\/h2>\n\n\n\n<p>Many\u202fquestions of the\u202fhealth sector have already been answered and\u202fmany technologies have been assessed by other HTA institutions. Cooperation in\u202fthis context means that it is possible to use the assessment from abroad and\u202fadapt it to the Slovak context. Similarly, assessments made by NIHO can be used abroad at any time. This is the main reason why we write executive summaries of our assessments  in\u202fthe English language. At the same time, it is possible to work on certain assessments in\u202fdirect cooperation with foreign HTA institutions and\u202fdivide individual parts of the work among ourselves. On the basis of the recent Regulation (EU) 2021\/2282 of the European Parliament and Council of 15 December 2021 on health technology assessment and amending Directive 2011\/24\/EU, cooperation on clinical aspects of HTA will be gradually unified at the European level as of 2025 and NIHO is taking an active part in it.<\/p>\n<\/div>\n\n\n\n<div class=\"wp-block-column o-nas-sidebar is-layout-flow wp-block-column-is-layout-flow\" style=\"flex-basis:33.33%\">\n<div class=\"wp-block-group is-layout-flow wp-block-group-is-layout-flow\"><nav class=\"is-vertical wp-block-navigation is-layout-flex wp-container-core-navigation-is-layout-fe9cc265 wp-block-navigation-is-layout-flex\" aria-label=\"Navigation\"><ul class=\"wp-block-navigation__container  is-vertical wp-block-navigation\"><li class=\"wp-block-navigation-item has-child wp-block-navigation-submenu\"><a class=\"wp-block-navigation-item__content\" href=\"https:\/\/niho.sk\/en\/niho\/\"><span class=\"wp-block-navigation-item__label\">NIHO<\/span><\/a><ul class=\"wp-block-navigation__submenu-container wp-block-navigation-submenu\"><li class=\"wp-block-navigation-item wp-block-navigation-link\"><a class=\"wp-block-navigation-item__content\"  href=\"https:\/\/niho.sk\/en\/niho\/legislativny-ramec\/\"><span class=\"wp-block-navigation-item__label\">The legislative framework<\/span><\/a><\/li><li class=\"wp-block-navigation-item wp-block-navigation-link\"><a class=\"wp-block-navigation-item__content\"  href=\"https:\/\/niho.sk\/en\/niho-institut\/tim\/\"><span class=\"wp-block-navigation-item__label\">Team<\/span><\/a><\/li><li class=\"wp-block-navigation-item wp-block-navigation-link\"><a class=\"wp-block-navigation-item__content\"  href=\"https:\/\/niho.sk\/en\/niho-institut\/organy-institutu\/\"><span class=\"wp-block-navigation-item__label\">Bodies of the Institute<\/span><\/a><\/li><\/ul><\/li><li class=\"wp-block-navigation-item wp-block-navigation-link\"><a class=\"wp-block-navigation-item__content\"  href=\"https:\/\/niho.sk\/en\/co-je-hta\/\"><span class=\"wp-block-navigation-item__label\">What is HTA<\/span><\/a><\/li><li class=\"wp-block-navigation-item has-child wp-block-navigation-submenu\"><a class=\"wp-block-navigation-item__content\"><span class=\"wp-block-navigation-item__label\">Task of NIHO<\/span><\/a><ul class=\"wp-block-navigation__submenu-container wp-block-navigation-submenu\"><li class=\"wp-block-navigation-item wp-block-navigation-link\"><a class=\"wp-block-navigation-item__content\"  href=\"https:\/\/niho.sk\/en\/ako-funguje-system-na-slovensku\/\"><span class=\"wp-block-navigation-item__label\">How does the system of health technology reimbursement work in Slovakia?<\/span><\/a><\/li><li class=\"wp-block-navigation-item wp-block-navigation-link\"><a class=\"wp-block-navigation-item__content\"  href=\"https:\/\/niho.sk\/en\/ulohy-niho\/hlavna-uloha-a-dalsie-ulohy-niho\/\"><span class=\"wp-block-navigation-item__label\">The main task and future tasks of NIHO<\/span><\/a><\/li><\/ul><\/li><li class=\"wp-block-navigation-item wp-block-navigation-link\"><a class=\"wp-block-navigation-item__content\"  href=\"https:\/\/niho.sk\/en\/pracovna-metoda\/\"><span class=\"wp-block-navigation-item__label\">Methods<\/span><\/a><\/li><li class=\"wp-block-navigation-item wp-block-navigation-link\"><a class=\"wp-block-navigation-item__content\"  href=\"https:\/\/niho.sk\/en\/partnerske-organizacie\/\"><span class=\"wp-block-navigation-item__label\">Partner organizations<\/span><\/a><\/li><\/ul><\/nav><\/div>\n<\/div>\n<\/div>\n<\/div>\n<\/div>","protected":false},"excerpt":{"rendered":"<p>Hlavn\u00e1 \u00faloha Hlavnou \u00falohou NIHO je prin\u00e1\u0161a\u0165 vedeck\u00fd pr\u00edstup a&nbsp;transparentnos\u0165 do procesu kategoriz\u00e1cie. NIHO hodnot\u00ed technol\u00f3gie, ktor\u00fdch dr\u017eitelia registr\u00e1ci\u00ed \u017eiadaj\u00fa o&nbsp;kategoriz\u00e1ciu. Za t\u00fdmto \u00fa\u010delom pre\u0161tuduje ve\u013ek\u00e9 mno\u017estvo inform\u00e1ci\u00ed, ktor\u00e9 s\u00fa o&nbsp;danej technol\u00f3gii dostupn\u00e9 a&nbsp;spracov\u00e1va ich do pochopite\u013enej podoby pre rozhoduj\u00face osoby alebo org\u00e1ny. Je poradn\u00fdm org\u00e1nom Ministerstva zdravotn\u00edctva SR a&nbsp;jeho kategoriza\u010dnej komisie. Vypo\u010d\u00edtava maxim\u00e1lnu cenu, [&hellip;]<\/p>\n","protected":false},"author":1,"featured_media":0,"parent":129,"menu_order":0,"comment_status":"closed","ping_status":"closed","template":"","meta":{"inline_featured_image":false,"footnotes":""},"class_list":["post-136","page","type-page","status-publish","hentry"],"_links":{"self":[{"href":"https:\/\/niho.sk\/en\/wp-json\/wp\/v2\/pages\/136","targetHints":{"allow":["GET"]}}],"collection":[{"href":"https:\/\/niho.sk\/en\/wp-json\/wp\/v2\/pages"}],"about":[{"href":"https:\/\/niho.sk\/en\/wp-json\/wp\/v2\/types\/page"}],"author":[{"embeddable":true,"href":"https:\/\/niho.sk\/en\/wp-json\/wp\/v2\/users\/1"}],"replies":[{"embeddable":true,"href":"https:\/\/niho.sk\/en\/wp-json\/wp\/v2\/comments?post=136"}],"version-history":[{"count":0,"href":"https:\/\/niho.sk\/en\/wp-json\/wp\/v2\/pages\/136\/revisions"}],"up":[{"embeddable":true,"href":"https:\/\/niho.sk\/en\/wp-json\/wp\/v2\/pages\/129"}],"wp:attachment":[{"href":"https:\/\/niho.sk\/en\/wp-json\/wp\/v2\/media?parent=136"}],"curies":[{"name":"wp","href":"https:\/\/api.w.org\/{rel}","templated":true}]}}