{"id":122,"date":"2022-05-16T14:41:47","date_gmt":"2022-05-16T12:41:47","guid":{"rendered":"https:\/\/www.niho.sk\/?page_id=122"},"modified":"2024-03-01T19:48:11","modified_gmt":"2024-03-01T18:48:11","slug":"co-je-hta","status":"publish","type":"page","link":"https:\/\/niho.sk\/en\/co-je-hta\/","title":{"rendered":"What is HTA"},"content":{"rendered":"<div class=\"wp-block-group w-100 max-w-100 margin-0 is-layout-flow wp-block-group-is-layout-flow\">\n<div class=\"wp-block-group defaultWidthGroup defaultPaddingGroup is-layout-flow wp-block-group-is-layout-flow\">\n<div class=\"wp-block-columns o-nas-container is-layout-flex wp-container-core-columns-is-layout-28f84493 wp-block-columns-is-layout-flex\">\n<div class=\"wp-block-column is-layout-flow wp-block-column-is-layout-flow\" style=\"flex-basis:66.66%\">\n<h1 class=\"wp-block-heading\">What is HTA<\/h1>\n\n\n\n<p>HTA is the abbreviation of the English term \"health technology assessment\".<\/p>\n\n\n\n<h2 class=\"wp-block-heading padding-top-20\">What is technology and\u202fwhat is meant by assessment?<\/h2>\n\n\n\n<p>The concept of health technology is defined by the <a href=\"https:\/\/www.who.int\/teams\/health-product-policy-and-standards\/assistive-and-medical-technology\/medical-devices\/assessment\">\u202fWorld Health Organization<\/a> as the practical application of organized knowledge and\u202fskills to address a health problem and\u202fimprove the quality of life. Medical technologies have various forms: medicines, medical aids, dietetic foods, vaccines, medical devices, but also procedures or software.<\/p>\n\n\n\n<p>In\u202fthis context, to assess a health technology means to gather all the scientific studies and knowledge about\u202fthe given technology. Subsequently, it means to interconnect the knowledge,\u202finterpret it (using the principles of evidence-based medicine), and\u202fdetermine the technology\u00b4s clinical benefit. Then, it means to include all the other essential aspects, such as organizational, social\/patient aspects, legal or ethical aspects. And last but not least, calculate the magnitude of clinical benefit in\u202fproportion to the costs incurred.<\/p>\n\n\n\n<h2 class=\"wp-block-heading padding-top-20\">To assess does not mean to appraise<\/h2>\n\n\n\n<p>The meaning of the word assessment is discussed above. To appraise, however, means to consider the information resulting from the\u202fassessment and\u202fto issue a decision.<\/p>\n\n\n\n<p>Assessment is a purely professional activity with a well-defined methodology, which factually and\u202fsoberly evaluates the current state of things and\u202fthe degree to which the technology meets the respective regulations, or under what circumstances it would meet them. The assessment forms the basis of the appraisal.<\/p>\n\n\n\n<p>Appraisal is more of a political act. It is a process the decision will come from. It may even deviate from the conclusions of the institution's HTA assessment, but that needs to be adequately justified. Some European HTA institutions combine both assessment and appraisal in a single institution. However, there is a prevalence of those that separate them for the sake of political independence.<\/p>\n\n\n\n<h3 class=\"wp-block-heading padding-top-10\">An example of the difference between assessment and\u202fappraisal:<\/h3>\n\n\n\n<p>A research question may arise as to whether the state should purchase another piece of innovative and costly medical technology, such as the da Vinci robotic operating system.<\/p>\n\n\n\n<p><strong>Assessment:<\/strong><\/p>\n\n\n\n<p>Summarizes information about\u202fthe device, its clinical, organizational, social or ethical benefits, costs, and\u202fits use in Slovakia and abroad.<\/p>\n\n\n\n<p>The assessor would also find out how many similar devices are used by other countries, for what purpose and\u202fin\u202fwhat facilities; whether countries have issued recommendations for their number and\u202fuse, at what prices they have procured them, and the like.<\/p>\n\n\n\n<p>The assessor then produces an extensive analysis with\u202fshorter, clear and\u202fconcise information in\u202fa few sentences \u2013 a recommendation, on whether or not to buy another piece of the da Vinci robotic system and why.<\/p>\n\n\n\n<p><strong>Appraisal:<\/strong><\/p>\n\n\n\n<p>Based on the summary text of the assessment and\u202fother inputs, the appraisal committee can issue a recommendation to the minister whether or not to purchase a new system in Slovakia.<\/p>\n\n\n\n<h2 class=\"wp-block-heading padding-top-20\">Why is the HTA body an independent institution?<\/h2>\n\n\n\n<p>The health technologies industry naturally urges for the most positive ratings possible in order to increase sales of its products. Similarly, politicians try to influence the decisions to be in line with the political demand. Such a situation is undesirable and so the HTA body must be immune to such lobbying. The quest for independence is the reason why more and more countries, including those from \u201cdeveloped\u201d Europe, have set up independent HTA agencies. However, there are also countries where the HTA work is carried out by a part of the Ministry of Health or the respective Medicines Agency.<\/p>\n\n\n\n<p><strong>Within the EEA, there are independent HTA institutes in the following countries:<\/strong> Austria, Poland, Germany, the Netherlands, Belgium, France, Italy, Spain, Switzerland, Sweden, Finland, Denmark and Norway.<\/p>\n\n\n\n<p><strong>These countries do not have a separate institution:<\/strong> the Czech Republic, Slovenia, Croatia, Bulgaria, Romania, Cyprus, Portugal and Hungary.<\/p>\n<\/div>\n\n\n\n<div class=\"wp-block-column o-nas-sidebar is-layout-flow wp-block-column-is-layout-flow\" style=\"flex-basis:33.33%\">\n<div class=\"wp-block-group is-layout-flow wp-block-group-is-layout-flow\"><nav class=\"is-vertical wp-block-navigation is-layout-flex wp-container-core-navigation-is-layout-fe9cc265 wp-block-navigation-is-layout-flex\" aria-label=\"Navigation\"><ul class=\"wp-block-navigation__container  is-vertical wp-block-navigation\"><li class=\"wp-block-navigation-item has-child wp-block-navigation-submenu\"><a class=\"wp-block-navigation-item__content\" href=\"https:\/\/niho.sk\/en\/niho\/\"><span class=\"wp-block-navigation-item__label\">NIHO<\/span><\/a><ul class=\"wp-block-navigation__submenu-container wp-block-navigation-submenu\"><li class=\"wp-block-navigation-item wp-block-navigation-link\"><a class=\"wp-block-navigation-item__content\"  href=\"https:\/\/niho.sk\/en\/niho\/legislativny-ramec\/\"><span class=\"wp-block-navigation-item__label\">The legislative framework<\/span><\/a><\/li><li class=\"wp-block-navigation-item wp-block-navigation-link\"><a class=\"wp-block-navigation-item__content\"  href=\"https:\/\/niho.sk\/en\/niho-institut\/tim\/\"><span class=\"wp-block-navigation-item__label\">Team<\/span><\/a><\/li><li class=\"wp-block-navigation-item wp-block-navigation-link\"><a class=\"wp-block-navigation-item__content\"  href=\"https:\/\/niho.sk\/en\/niho-institut\/organy-institutu\/\"><span class=\"wp-block-navigation-item__label\">Bodies of the Institute<\/span><\/a><\/li><\/ul><\/li><li class=\"wp-block-navigation-item wp-block-navigation-link\"><a class=\"wp-block-navigation-item__content\"  href=\"https:\/\/niho.sk\/en\/co-je-hta\/\"><span class=\"wp-block-navigation-item__label\">What is HTA<\/span><\/a><\/li><li class=\"wp-block-navigation-item has-child wp-block-navigation-submenu\"><a class=\"wp-block-navigation-item__content\"><span class=\"wp-block-navigation-item__label\">Task of NIHO<\/span><\/a><ul class=\"wp-block-navigation__submenu-container wp-block-navigation-submenu\"><li class=\"wp-block-navigation-item wp-block-navigation-link\"><a class=\"wp-block-navigation-item__content\"  href=\"https:\/\/niho.sk\/en\/ako-funguje-system-na-slovensku\/\"><span class=\"wp-block-navigation-item__label\">How does the system of health technology reimbursement work in Slovakia?<\/span><\/a><\/li><li class=\"wp-block-navigation-item wp-block-navigation-link\"><a class=\"wp-block-navigation-item__content\"  href=\"https:\/\/niho.sk\/en\/ulohy-niho\/hlavna-uloha-a-dalsie-ulohy-niho\/\"><span class=\"wp-block-navigation-item__label\">The main task and future tasks of NIHO<\/span><\/a><\/li><\/ul><\/li><li class=\"wp-block-navigation-item wp-block-navigation-link\"><a class=\"wp-block-navigation-item__content\"  href=\"https:\/\/niho.sk\/en\/pracovna-metoda\/\"><span class=\"wp-block-navigation-item__label\">Methods<\/span><\/a><\/li><li class=\"wp-block-navigation-item wp-block-navigation-link\"><a class=\"wp-block-navigation-item__content\"  href=\"https:\/\/niho.sk\/en\/partnerske-organizacie\/\"><span class=\"wp-block-navigation-item__label\">Partner organizations<\/span><\/a><\/li><\/ul><\/nav><\/div>\n<\/div>\n<\/div>\n<\/div>\n<\/div>","protected":false},"excerpt":{"rendered":"<p>\u010co je HTA HTA je skratka anglick\u00e9ho pojmu \u201ehealth technology assessment\u201c, \u010do znamen\u00e1 hodnotenie zdravotn\u00edckych technol\u00f3gi\u00ed. \u010co je to technol\u00f3gia a&nbsp;\u010do sa rozumie pod hodnoten\u00edm? Pojem zdravotn\u00edcka technol\u00f3gia definuje Svetov\u00e1 zdravotn\u00edcka organiz\u00e1cia ako praktick\u00e9 uplatnenie organizovan\u00fdch vedomost\u00ed a&nbsp;zru\u010dnost\u00ed na rie\u0161enie zdravotn\u00e9ho probl\u00e9mu a&nbsp;zlep\u0161enie kvality \u017eivota. Zdravotn\u00edcke technol\u00f3gie maj\u00fa r\u00f4zne formy: lieky, zdravotn\u00edcke pom\u00f4cky, dietetick\u00e9 potraviny, [&hellip;]<\/p>\n","protected":false},"author":1,"featured_media":0,"parent":0,"menu_order":0,"comment_status":"closed","ping_status":"closed","template":"","meta":{"inline_featured_image":false,"footnotes":""},"class_list":["post-122","page","type-page","status-publish","hentry"],"_links":{"self":[{"href":"https:\/\/niho.sk\/en\/wp-json\/wp\/v2\/pages\/122","targetHints":{"allow":["GET"]}}],"collection":[{"href":"https:\/\/niho.sk\/en\/wp-json\/wp\/v2\/pages"}],"about":[{"href":"https:\/\/niho.sk\/en\/wp-json\/wp\/v2\/types\/page"}],"author":[{"embeddable":true,"href":"https:\/\/niho.sk\/en\/wp-json\/wp\/v2\/users\/1"}],"replies":[{"embeddable":true,"href":"https:\/\/niho.sk\/en\/wp-json\/wp\/v2\/comments?post=122"}],"version-history":[{"count":0,"href":"https:\/\/niho.sk\/en\/wp-json\/wp\/v2\/pages\/122\/revisions"}],"wp:attachment":[{"href":"https:\/\/niho.sk\/en\/wp-json\/wp\/v2\/media?parent=122"}],"curies":[{"name":"wp","href":"https:\/\/api.w.org\/{rel}","templated":true}]}}