{"id":112,"date":"2022-05-16T14:00:02","date_gmt":"2022-05-16T12:00:02","guid":{"rendered":"https:\/\/www.niho.sk\/?page_id=112"},"modified":"2022-06-15T14:56:37","modified_gmt":"2022-06-15T12:56:37","slug":"organy-institutu","status":"publish","type":"page","link":"https:\/\/niho.sk\/en\/niho\/organy-institutu\/","title":{"rendered":"Bodies of the Institute"},"content":{"rendered":"\n<div class=\"wp-block-group w-100 max-w-100 margin-0 is-layout-flow wp-block-group-is-layout-flow\">\n<div class=\"wp-block-group defaultWidthGroup defaultPaddingGroup is-layout-flow wp-block-group-is-layout-flow\">\n<div class=\"wp-block-columns o-nas-container is-layout-flex wp-container-core-columns-is-layout-28f84493 wp-block-columns-is-layout-flex\">\n<div class=\"wp-block-column is-layout-flow wp-block-column-is-layout-flow\" style=\"flex-basis:66.66%\">\n<h1 class=\"wp-block-heading\">Org\u00e1ny in\u0161tit\u00fatu<\/h1>\n\n\n<div class=\"jet-listing-grid--blocks  organy-institutu-listing\"data-element-id=\"9f865c45-fab6-4d3a-8213-c73a102ba441\"data-listing-type=\"blocks\"data-is-block=\"jet-engine\/listing-grid\"><div class=\"jet-listing-grid jet-listing\"><div class=\"jet-listing-grid__items grid-col-desk-1 grid-col-tablet-1 grid-col-mobile-1 jet-listing-grid--110\" data-queried-id=\"112|WP_Post\" data-cct-slug=\"organy_institutu\" data-nav=\"{&quot;enabled&quot;:false,&quot;type&quot;:null,&quot;more_el&quot;:null,&quot;query&quot;:[],&quot;widget_settings&quot;:{&quot;lisitng_id&quot;:110,&quot;posts_num&quot;:999,&quot;columns&quot;:1,&quot;columns_tablet&quot;:1,&quot;columns_mobile&quot;:1,&quot;column_min_width&quot;:240,&quot;column_min_width_tablet&quot;:240,&quot;column_min_width_mobile&quot;:240,&quot;inline_columns_css&quot;:true,&quot;is_archive_template&quot;:&quot;&quot;,&quot;post_status&quot;:[&quot;publish&quot;],&quot;use_random_posts_num&quot;:&quot;&quot;,&quot;max_posts_num&quot;:6,&quot;not_found_message&quot;:&quot;No data was found&quot;,&quot;is_masonry&quot;:false,&quot;equal_columns_height&quot;:&quot;&quot;,&quot;use_load_more&quot;:&quot;&quot;,&quot;load_more_id&quot;:&quot;&quot;,&quot;load_more_type&quot;:&quot;click&quot;,&quot;load_more_offset&quot;:null,&quot;use_custom_post_types&quot;:&quot;&quot;,&quot;custom_post_types&quot;:[],&quot;hide_widget_if&quot;:&quot;&quot;,&quot;carousel_enabled&quot;:&quot;&quot;,&quot;slides_to_scroll&quot;:1,&quot;arrows&quot;:true,&quot;arrow_icon&quot;:&quot;fa fa-angle-left&quot;,&quot;dots&quot;:&quot;&quot;,&quot;autoplay&quot;:true,&quot;pause_on_hover&quot;:true,&quot;autoplay_speed&quot;:5000,&quot;infinite&quot;:true,&quot;center_mode&quot;:&quot;&quot;,&quot;effect&quot;:&quot;slide&quot;,&quot;speed&quot;:500,&quot;inject_alternative_items&quot;:&quot;&quot;,&quot;injection_items&quot;:[],&quot;scroll_slider_enabled&quot;:&quot;&quot;,&quot;scroll_slider_on&quot;:[&quot;desktop&quot;,&quot;tablet&quot;,&quot;mobile&quot;],&quot;custom_query&quot;:false,&quot;custom_query_id&quot;:&quot;&quot;,&quot;_element_id&quot;:&quot;&quot;,&quot;collapse_first_last_gap&quot;:false,&quot;list_tag_selection&quot;:&quot;&quot;,&quot;list_items_wrapper_tag&quot;:&quot;div&quot;,&quot;list_item_tag&quot;:&quot;div&quot;,&quot;empty_items_wrapper_tag&quot;:&quot;div&quot;}}\" data-page=\"1\" data-pages=\"1\" data-listing-source=\"custom_content_type\" data-listing-id=\"110\" data-query-id=\"0\"><div class=\"jet-listing-grid__item jet-listing-dynamic-post-1\" data-post-id=\"1\"  ><div class=\"jet-listing-dynamic-field-block\"data-is-block=\"jet-engine\/dynamic-field\"><div class=\"jet-listing jet-listing-dynamic-field display-inline\"><div class=\"jet-listing-dynamic-field__inline-wrap\"><h2 class=\"jet-listing-dynamic-field__content\" >Dozorn\u00e1 rada<\/h2><\/div><\/div><\/div>\n\n<div class=\"jet-listing-dynamic-field-block\"data-is-block=\"jet-engine\/dynamic-field\"><div class=\"jet-listing jet-listing-dynamic-field display-inline\"><div class=\"jet-listing-dynamic-field__inline-wrap\"><div class=\"jet-listing-dynamic-field__content\" ><p>Dohliada na \u010dinnos\u0165 NIHO a riadite\u013ea a schva\u013euje rozpo\u010det in\u0161tit\u00fatu. Rada m\u00e1 \u0161tyroch \u010dlenov. Jedn\u00e9ho nominuje Asoci\u00e1cia zdravotn\u00fdch pois\u0165ovn\u00ed, jedn\u00e9ho nominuj\u00fa zamestnanci NIHO a po jednom Ministerstvo financi\u00ed SR a Ministerstvo zdravotn\u00edctva SR. \u00dalohou \u010dlena dozornej rady je h\u00e1ji\u0165 tie najlep\u0161ie z\u00e1ujmy in\u0161tit\u00fatu a nie h\u00e1ji\u0165 z\u00e1ujmy in\u0161tit\u00facie, ktor\u00e1 ho nominovala.<\/p>\n<\/div><\/div><\/div><\/div>\n\n<div class=\"jet-listing-grid--blocks\"data-element-id=\"6f2fe55c-752b-4c81-b2e7-a60efd0d1704\"data-listing-type=\"blocks\"data-is-block=\"jet-engine\/listing-grid\"><div class=\"jet-listing-grid jet-listing\"><div class=\"jet-listing-grid__items grid-col-desk-1 grid-col-tablet-1 grid-col-mobile-1 jet-listing-grid--111\" data-queried-id=\"1|cct:organy_institutu\" data-nav=\"{&quot;enabled&quot;:false,&quot;type&quot;:null,&quot;more_el&quot;:null,&quot;query&quot;:[],&quot;widget_settings&quot;:{&quot;lisitng_id&quot;:111,&quot;posts_num&quot;:999,&quot;columns&quot;:1,&quot;columns_tablet&quot;:1,&quot;columns_mobile&quot;:1,&quot;column_min_width&quot;:240,&quot;column_min_width_tablet&quot;:240,&quot;column_min_width_mobile&quot;:240,&quot;inline_columns_css&quot;:true,&quot;is_archive_template&quot;:&quot;&quot;,&quot;post_status&quot;:[&quot;publish&quot;],&quot;use_random_posts_num&quot;:&quot;&quot;,&quot;max_posts_num&quot;:6,&quot;not_found_message&quot;:&quot;No data was found&quot;,&quot;is_masonry&quot;:false,&quot;equal_columns_height&quot;:&quot;&quot;,&quot;use_load_more&quot;:&quot;&quot;,&quot;load_more_id&quot;:&quot;&quot;,&quot;load_more_type&quot;:&quot;click&quot;,&quot;load_more_offset&quot;:null,&quot;use_custom_post_types&quot;:&quot;&quot;,&quot;custom_post_types&quot;:[],&quot;hide_widget_if&quot;:&quot;empty_query&quot;,&quot;carousel_enabled&quot;:&quot;&quot;,&quot;slides_to_scroll&quot;:1,&quot;arrows&quot;:true,&quot;arrow_icon&quot;:&quot;fa fa-angle-left&quot;,&quot;dots&quot;:&quot;&quot;,&quot;autoplay&quot;:true,&quot;pause_on_hover&quot;:true,&quot;autoplay_speed&quot;:5000,&quot;infinite&quot;:true,&quot;center_mode&quot;:&quot;&quot;,&quot;effect&quot;:&quot;slide&quot;,&quot;speed&quot;:500,&quot;inject_alternative_items&quot;:&quot;&quot;,&quot;injection_items&quot;:[],&quot;scroll_slider_enabled&quot;:&quot;&quot;,&quot;scroll_slider_on&quot;:[&quot;desktop&quot;,&quot;tablet&quot;,&quot;mobile&quot;],&quot;custom_query&quot;:false,&quot;custom_query_id&quot;:&quot;&quot;,&quot;_element_id&quot;:&quot;&quot;,&quot;collapse_first_last_gap&quot;:false,&quot;list_tag_selection&quot;:&quot;&quot;,&quot;list_items_wrapper_tag&quot;:&quot;div&quot;,&quot;list_item_tag&quot;:&quot;div&quot;,&quot;empty_items_wrapper_tag&quot;:&quot;div&quot;}}\" data-page=\"1\" data-pages=\"1\" data-listing-source=\"custom_content_type_repeater\" data-listing-id=\"111\" data-query-id=\"0\"><div class=\"jet-listing-grid__item jet-listing-dynamic-post-1\" data-post-id=\"1\"  ><div data-is-block=\"jet-engine\/dynamic-image\"><\/div>\n\n\n<div class=\"wp-block-group is-layout-flow wp-block-group-is-layout-flow\"><div class=\"jet-listing-dynamic-field-block\"data-is-block=\"jet-engine\/dynamic-field\"><div class=\"jet-listing jet-listing-dynamic-field display-inline\"><div class=\"jet-listing-dynamic-field__inline-wrap\"><div class=\"jet-listing-dynamic-field__content\" ><b>Predsedn\u00ed\u010dka dozornej rady JUDr. Ingrid Zajacov\u00e1, LL.M., <br>nominovan\u00e1 Ministerstvom zdravotn\u00edctva<\/b><\/div><\/div><\/div><\/div>\n\n<div class=\"jet-listing-dynamic-field-block\"data-is-block=\"jet-engine\/dynamic-field\"><div class=\"jet-listing jet-listing-dynamic-field display-inline\"><div class=\"jet-listing-dynamic-field__inline-wrap\"><div class=\"jet-listing-dynamic-field__content\" ><\/div><\/div><\/div><\/div>\n\n<div class=\"jet-listing-dynamic-field-block subory\"data-is-block=\"jet-engine\/dynamic-field\"><\/div><\/div>\n<\/div><div class=\"jet-listing-grid__item jet-listing-dynamic-post-1\" data-post-id=\"1\"  ><div class=\"\"data-is-block=\"jet-engine\/dynamic-image\"><\/div>\n\n\n<div class=\"wp-block-group is-layout-flow wp-block-group-is-layout-flow\"><div class=\"jet-listing-dynamic-field-block\"data-is-block=\"jet-engine\/dynamic-field\"><div class=\"jet-listing jet-listing-dynamic-field display-inline\"><div class=\"jet-listing-dynamic-field__inline-wrap\"><div class=\"jet-listing-dynamic-field__content\" ><b>\u010clenka dozornej rady PharmDr. Anna Luk\u00e1\u010dov\u00e1,<br>nominovan\u00e1 Asoci\u00e1ciou zdravotn\u00fdch pois\u0165ovn\u00ed<\/b><\/div><\/div><\/div><\/div>\n\n<div class=\"jet-listing-dynamic-field-block\"data-is-block=\"jet-engine\/dynamic-field\"><div class=\"jet-listing jet-listing-dynamic-field display-inline\"><div class=\"jet-listing-dynamic-field__inline-wrap\"><div class=\"jet-listing-dynamic-field__content\" ><\/div><\/div><\/div><\/div>\n\n<div class=\"jet-listing-dynamic-field-block subory\"data-is-block=\"jet-engine\/dynamic-field\"><\/div><\/div>\n<\/div><div class=\"jet-listing-grid__item jet-listing-dynamic-post-1\" data-post-id=\"1\"  ><div class=\"\"data-is-block=\"jet-engine\/dynamic-image\"><\/div>\n\n\n<div class=\"wp-block-group is-layout-flow wp-block-group-is-layout-flow\"><div class=\"jet-listing-dynamic-field-block\"data-is-block=\"jet-engine\/dynamic-field\"><div class=\"jet-listing jet-listing-dynamic-field display-inline\"><div class=\"jet-listing-dynamic-field__inline-wrap\"><div class=\"jet-listing-dynamic-field__content\" ><b>\u010clen dozornej rady Mgr. Adam Marku\u0161,<br>nominovan\u00fd zamestnancami NIHO<\/b><\/div><\/div><\/div><\/div>\n\n<div class=\"jet-listing-dynamic-field-block\"data-is-block=\"jet-engine\/dynamic-field\"><div class=\"jet-listing jet-listing-dynamic-field display-inline\"><div class=\"jet-listing-dynamic-field__inline-wrap\"><div class=\"jet-listing-dynamic-field__content\" ><p>Finan\u010dn\u00fd riadite\u013e Sika Slovakia, b\u00fdval\u00fd riadite\u013e Odboru financi\u00ed vo V\u0161eobecnej zdravotnej pois\u0165ovni. V minulosti sa venoval auditu, finan\u010dn\u00e9mu mana\u017ementu a controllingu obchodn\u00fdch a v\u00fdrobn\u00fdch podnikov.<\/p>\n<\/div><\/div><\/div><\/div>\n\n<div class=\"jet-listing-dynamic-field-block subory\"data-is-block=\"jet-engine\/dynamic-field\"><\/div><\/div>\n<\/div><div class=\"jet-listing-grid__item jet-listing-dynamic-post-1\" data-post-id=\"1\"  ><div class=\"\"data-is-block=\"jet-engine\/dynamic-image\"><\/div>\n\n\n<div class=\"wp-block-group is-layout-flow wp-block-group-is-layout-flow\"><div class=\"jet-listing-dynamic-field-block\"data-is-block=\"jet-engine\/dynamic-field\"><div class=\"jet-listing jet-listing-dynamic-field display-inline\"><div class=\"jet-listing-dynamic-field__inline-wrap\"><div class=\"jet-listing-dynamic-field__content\" ><b>\u010clenka dozornej rady JUDr. Eva Rusi\u0148\u00e1kov\u00e1, <br>nominovan\u00e1 riadite\u013eom NIHO<\/b><\/div><\/div><\/div><\/div>\n\n<div class=\"jet-listing-dynamic-field-block\"data-is-block=\"jet-engine\/dynamic-field\"><div class=\"jet-listing jet-listing-dynamic-field display-inline\"><div class=\"jet-listing-dynamic-field__inline-wrap\"><div class=\"jet-listing-dynamic-field__content\" ><\/div><\/div><\/div><\/div>\n\n<div class=\"jet-listing-dynamic-field-block subory\"data-is-block=\"jet-engine\/dynamic-field\"><\/div><\/div>\n<\/div><\/div><\/div><\/div><\/div><div class=\"jet-listing-grid__item jet-listing-dynamic-post-3\" data-post-id=\"3\"  ><div class=\"jet-listing-dynamic-field-block\"data-is-block=\"jet-engine\/dynamic-field\"><div class=\"jet-listing jet-listing-dynamic-field display-inline\"><div class=\"jet-listing-dynamic-field__inline-wrap\"><h2 class=\"jet-listing-dynamic-field__content\" >Poradn\u00fd v\u00fdbor<\/h2><\/div><\/div><\/div>\n\n<div class=\"jet-listing-dynamic-field-block\"data-is-block=\"jet-engine\/dynamic-field\"><div class=\"jet-listing jet-listing-dynamic-field display-inline\"><div class=\"jet-listing-dynamic-field__inline-wrap\"><div class=\"jet-listing-dynamic-field__content\" >Poradn\u00fd v\u00fdbor napom\u00e1ha NIHO pochopi\u0165 z\u00e1ujmy, motiv\u00e1cie a\u00a0preferencie r\u00f4znych partnerov z\u00e1ujmov\u00fdch skup\u00edn v\u00a0oblasti slovensk\u00e9ho zdravotn\u00edctva. \u010clenovia v\u00fdboru odpovedaj\u00fa na komplikovan\u00e9 ot\u00e1zky, ktor\u00e9 nemaj\u00fa jednozna\u010dn\u00fa odpove\u010f, napr\u00edklad t\u00fdkaj\u00face sa spolo\u010densk\u00fdch hodn\u00f4t. \u010clen v\u00fdboru odpoved\u00e1 na ot\u00e1zky hodnotov\u00fdch s\u00fadov zo svojej vlastnej osobnej poz\u00edcie. Prin\u00e1\u0161a znalos\u0165 kontextu z\u00e1ujmovej skupiny, ktor\u00e1 ho nominovala.<\/div><\/div><\/div><\/div>\n\n<div class=\"jet-listing-grid--blocks\"data-element-id=\"6f2fe55c-752b-4c81-b2e7-a60efd0d1704\"data-listing-type=\"blocks\"data-is-block=\"jet-engine\/listing-grid\"><\/div><\/div><\/div><\/div><\/div><\/div>\n\n\n\n<div class=\"wp-block-column o-nas-sidebar is-layout-flow wp-block-column-is-layout-flow\" style=\"flex-basis:33.33%\">\n<div class=\"wp-block-group is-layout-flow wp-block-group-is-layout-flow\"><nav class=\"is-vertical wp-block-navigation is-layout-flex wp-container-core-navigation-is-layout-fe9cc265 wp-block-navigation-is-layout-flex\" aria-label=\"Navigation\"><ul class=\"wp-block-navigation__container  is-vertical wp-block-navigation\"><li class=\"wp-block-navigation-item has-child wp-block-navigation-submenu\"><a class=\"wp-block-navigation-item__content\" href=\"https:\/\/niho.sk\/niho\/\"><span class=\"wp-block-navigation-item__label\">NIHO<\/span><\/a><ul class=\"wp-block-navigation__submenu-container wp-block-navigation-submenu\"><li class=\" wp-block-navigation-item wp-block-navigation-link\"><a class=\"wp-block-navigation-item__content\"  href=\"https:\/\/niho.sk\/niho\/legislativny-ramec\/\"><span class=\"wp-block-navigation-item__label\">Legislat\u00edvny r\u00e1mec<\/span><\/a><\/li><li class=\" wp-block-navigation-item wp-block-navigation-link\"><a class=\"wp-block-navigation-item__content\"  href=\"https:\/\/niho.sk\/niho-institut\/tim\/\"><span class=\"wp-block-navigation-item__label\">T\u00edm<\/span><\/a><\/li><li class=\" wp-block-navigation-item wp-block-navigation-link\"><a class=\"wp-block-navigation-item__content\"  href=\"https:\/\/niho.sk\/niho-institut\/organy-institutu\/\"><span class=\"wp-block-navigation-item__label\">Org\u00e1ny in\u0161tit\u00fatu<\/span><\/a><\/li><\/ul><\/li><li class=\" wp-block-navigation-item wp-block-navigation-link\"><a class=\"wp-block-navigation-item__content\"  href=\"https:\/\/niho.sk\/co-je-hta\/\"><span class=\"wp-block-navigation-item__label\">\u010co je HTA<\/span><\/a><\/li><li class=\"wp-block-navigation-item has-child wp-block-navigation-submenu\"><a class=\"wp-block-navigation-item__content\"><span class=\"wp-block-navigation-item__label\">\u00dalohy NIHO<\/span><\/a><ul class=\"wp-block-navigation__submenu-container wp-block-navigation-submenu\"><li class=\" wp-block-navigation-item wp-block-navigation-link\"><a class=\"wp-block-navigation-item__content\"  href=\"https:\/\/niho.sk\/ako-funguje-system-na-slovensku\/\"><span class=\"wp-block-navigation-item__label\">Ako funguje syst\u00e9m na Slovensku?<\/span><\/a><\/li><li class=\" wp-block-navigation-item wp-block-navigation-link\"><a class=\"wp-block-navigation-item__content\"  href=\"https:\/\/niho.sk\/ulohy-niho\/hlavna-uloha-a-dalsie-ulohy-niho\/\"><span class=\"wp-block-navigation-item__label\">Hlavn\u00e1 \u00faloha a\u00a0\u010fal\u0161ie \u00falohy NIHO<\/span><\/a><\/li><\/ul><\/li><li class=\" wp-block-navigation-item wp-block-navigation-link\"><a class=\"wp-block-navigation-item__content\"  href=\"https:\/\/niho.sk\/pracovna-metoda\/\"><span class=\"wp-block-navigation-item__label\">Pracovn\u00e1 met\u00f3da<\/span><\/a><\/li><li class=\" wp-block-navigation-item wp-block-navigation-link\"><a class=\"wp-block-navigation-item__content\"  href=\"https:\/\/niho.sk\/partnerske-organizacie\/\"><span class=\"wp-block-navigation-item__label\">Partnersk\u00e9 organiz\u00e1cie<\/span><\/a><\/li><\/ul><\/nav><\/div>\n<\/div>\n<\/div>\n<\/div>\n<\/div>\n","protected":false},"excerpt":{"rendered":"<p>Bodies of the Institute<\/p>","protected":false},"author":1,"featured_media":0,"parent":104,"menu_order":0,"comment_status":"closed","ping_status":"closed","template":"","meta":{"inline_featured_image":false,"footnotes":""},"class_list":["post-112","page","type-page","status-publish","hentry"],"_links":{"self":[{"href":"https:\/\/niho.sk\/en\/wp-json\/wp\/v2\/pages\/112","targetHints":{"allow":["GET"]}}],"collection":[{"href":"https:\/\/niho.sk\/en\/wp-json\/wp\/v2\/pages"}],"about":[{"href":"https:\/\/niho.sk\/en\/wp-json\/wp\/v2\/types\/page"}],"author":[{"embeddable":true,"href":"https:\/\/niho.sk\/en\/wp-json\/wp\/v2\/users\/1"}],"replies":[{"embeddable":true,"href":"https:\/\/niho.sk\/en\/wp-json\/wp\/v2\/comments?post=112"}],"version-history":[{"count":0,"href":"https:\/\/niho.sk\/en\/wp-json\/wp\/v2\/pages\/112\/revisions"}],"up":[{"embeddable":true,"href":"https:\/\/niho.sk\/en\/wp-json\/wp\/v2\/pages\/104"}],"wp:attachment":[{"href":"https:\/\/niho.sk\/en\/wp-json\/wp\/v2\/media?parent=112"}],"curies":[{"name":"wp","href":"https:\/\/api.w.org\/{rel}","templated":true}]}}