{"id":104,"date":"2022-05-16T13:21:53","date_gmt":"2022-05-16T11:21:53","guid":{"rendered":"https:\/\/www.niho.sk\/?page_id=104"},"modified":"2024-03-01T19:42:51","modified_gmt":"2024-03-01T18:42:51","slug":"niho","status":"publish","type":"page","link":"https:\/\/niho.sk\/en\/niho\/","title":{"rendered":"NIHO"},"content":{"rendered":"<div class=\"wp-block-group w-100 max-w-100 margin-0 is-layout-flow wp-block-group-is-layout-flow\">\n<div class=\"wp-block-group defaultWidthGroup defaultPaddingGroup is-layout-flow wp-block-group-is-layout-flow\">\n<div class=\"wp-block-columns o-nas-container is-layout-flex wp-container-core-columns-is-layout-28f84493 wp-block-columns-is-layout-flex\">\n<div class=\"wp-block-column is-layout-flow wp-block-column-is-layout-flow\" style=\"flex-basis:66.66%\">\n<h1 class=\"wp-block-heading\">What is NIHO?<\/h1>\n\n\n\n<h2 class=\"wp-block-heading padding-top-20\">General characteristics<\/h2>\n\n\n\n<p>NIHO is an independent national HTA (Health Technology Assessment) institution. Its role is to bring transparency to the decision-making process in the\u202ffield of health, especially in\u202fthe reimbursement decision of new technologies (mainly medicines and\u202fmedical devices).<\/p>\n\n\n\n<p>It is a legal entity not registered in the Commercial Register, established by a special Act No. 358\/2021 Coll., it is independent of political institutions or the medical technology industry.<\/p>\n\n\n\n<p>Its independence is ensured in particular by the specific way of financing by health insurance companies, and this kind of financing has been used for another legally established independent institution in\u202fhealth care \u2013  the Healthcare Surveillance Authority.<\/p>\n\n\n\n<h2 class=\"wp-block-heading padding-top-20\">Mission<\/h2>\n\n\n\n<h3 class=\"wp-block-heading padding-top-10\">Value for money in using scarce resources in health care<\/h3>\n\n\n\n<p>There is a limited amount of money in the health sector. It would be ideal if the state could pay each person for the most up-to-date medicines. However, when one million a year is spent on innovative treatment for one person, the amount may theoretically be lacking to pay for 200 hospital stays or the salaries of 40 new nurses in hospitals.<\/p>\n\n\n\n<p>In this context, NIHO\u202flooks at whether the money spent on new technology, such as a new cancer medicine, brings sufficient added value compared to current treatments.\u202f&nbsp;<\/p>\n\n\n\n<h3 class=\"wp-block-heading padding-top-10\">Internationally established and\u202ftransparent procedures according to evidence-based medicine<\/h3>\n\n\n\n<p>In policy making, many decisions and arguments are based on impressions, history, relationships, political pressures, lobbying or medical practice, which may not always be in line with new scientific evidence. We bring analyses with a strong emphasis on evidence, not opinions: is the new medicine A really more effective than the older medicine B, regardless of what the pharmaceutical industry or anyone else says?<\/p>\n\n\n\n<p>We evaluate the medical side of things based on\u202fthe most up-to-date clinical studies of high quality. In particular, we focus on randomized controlled studies bound by strict rules. Opinions and\u202fexperience stemming from\u202fclinical practice, data about\u202fpatients from the\u202fpast, etc. are other important components that we take into account for a complex view.<\/p>\n\n\n\n<p>Like many foreign HTA institutions, we use the internationally established <a href=\"https:\/\/www.eunethta.eu\/hta-core-model\/\">EUnetHTA methodology\u202f<\/a> to produce our outputs, especially technology assessments, while striving to keep our procedures as transparent as possible.<\/p>\n\n\n\n<h3 class=\"wp-block-heading padding-top-10\">Comprehensive expert assessments as a basis for political decisions<\/h3>\n\n\n\n<p>It is important for us to be clear about what our role is. NIHO does not make decisions, but comprehensively examines the subject. Our assessment is then\u202fpassed to the respective reimbursement a committee, where its members issue a final recommendation and the minister of Health issue decisions, taking into account a wide range of factors, including political issues. In some countries, institutions like NIHO make decisions, but as a rule, HTA institutions are advisory bodies.<\/p>\n\n\n\n<h3 class=\"wp-block-heading padding-top-10\">Independence of interest groups in order to get quality expert statements<\/h3>\n\n\n\n<p>It is logical that the health technologies industry wants to sell its products as profitably as possible. It uses all legal means at its disposal to do so, including lobbying for better assessment of its products. However, a truly expert position must not take such pressures into account. To the contrary, it may point to an unpleasant truth that is politically difficult to communicate. Therefore, NIHO has to be independent of political influence, too.<\/p>\n\n\n\n<h3 class=\"wp-block-heading padding-top-10\">Multidisciplinary approach in cooperation with our partners<\/h3>\n\n\n\n<p>HTA has been developed as a highly practical multidisciplinary tool to provide clear and\u202fpractical recommendations. Therefore, it also includes input from patients themselves and\u202fhealth care professionals, as well as consultations with\u202fexperts at international level. Virtually all technologies used in\u202four country are used and\u202fevaluated abroad, too. Joining forces where possible saves time and resources for all parties.<\/p>\n\n\n\n<h2 class=\"wp-block-heading padding-top-20\">History<\/h2>\n\n\n\n<p>NIHO was founded on January 1st, 2022. The preparatory work was  managed by the HTA Agency Department at the Ministry of Health of the Slovak Republic. The department\u00b4s main task was to prepare the legislative framework for the foundation of the new institute. The legislative process, which began in the fall of 2020, was completed on September 22th, 2021 by the approval of Act No. 358\/2021 Coll. on the National Institute for Value and\u202fTechnologies in\u202fHealth Care. The HTA Agency Department contributed to the process of categorization of new medicines during its time at the Ministry of Health by preparing so-called summaries of assessments of foreign HTA institutions that had already evaluated given medicine (e.g.\u202fa <a href=\"https:\/\/kategorizacia.mzsr.sk\/Lieky\/Download\/CommentAttachment\/28134\" target=\"_blank\" rel=\"noreferrer noopener\">summary\u202f<\/a> of the <a href=\"https:\/\/kategorizacia.mzsr.sk\/Lieky\/Common\/Details\/19297\" target=\"_blank\" rel=\"noreferrer noopener\">categorization of Beovu medicine<\/a>). These summaries concerned new medicines with\u202fa high impact on the public health insurance budget (VZP). Within the internal processes of the Ministry, the Department also contributed to the\u202frationalization of a new division of reimbursement groups of medicines and\u202fworked on analyses in the\u202ffield of lacking cancer medicinal products, or the system of exceptional reimbursement. It has also created a unit cost\u202fdatabase  for the purposes of <a href=\"https:\/\/health.gov.sk\/?Databaza-jednotkovych-nakladov\">reimbursement applications.<\/a>.<\/p>\n\n\n\n<h2 class=\"wp-block-heading padding-top-20\">Statute<\/h2>\n\n\n\n<p><a href=\"https:\/\/niho.sk\/wp-content\/uploads\/2022\/09\/Statut-NIHO.pdf\">NIHO Statute<\/a><\/p>\n<\/div>\n\n\n\n<div class=\"wp-block-column o-nas-sidebar is-layout-flow wp-block-column-is-layout-flow\" style=\"flex-basis:33.33%\">\n<div class=\"wp-block-group is-layout-flow wp-block-group-is-layout-flow\"><nav class=\"is-vertical wp-block-navigation is-layout-flex wp-container-core-navigation-is-layout-fe9cc265 wp-block-navigation-is-layout-flex\" aria-label=\"Navigation\"><ul class=\"wp-block-navigation__container  is-vertical wp-block-navigation\"><li class=\"wp-block-navigation-item has-child wp-block-navigation-submenu\"><a class=\"wp-block-navigation-item__content\" href=\"https:\/\/niho.sk\/en\/niho\/\"><span class=\"wp-block-navigation-item__label\">NIHO<\/span><\/a><ul class=\"wp-block-navigation__submenu-container wp-block-navigation-submenu\"><li class=\"wp-block-navigation-item wp-block-navigation-link\"><a class=\"wp-block-navigation-item__content\"  href=\"https:\/\/niho.sk\/en\/niho\/legislativny-ramec\/\"><span class=\"wp-block-navigation-item__label\">The legislative framework<\/span><\/a><\/li><li class=\"wp-block-navigation-item wp-block-navigation-link\"><a class=\"wp-block-navigation-item__content\"  href=\"https:\/\/niho.sk\/en\/niho-institut\/tim\/\"><span class=\"wp-block-navigation-item__label\">Team<\/span><\/a><\/li><li class=\"wp-block-navigation-item wp-block-navigation-link\"><a class=\"wp-block-navigation-item__content\"  href=\"https:\/\/niho.sk\/en\/niho-institut\/organy-institutu\/\"><span class=\"wp-block-navigation-item__label\">Bodies of the Institute<\/span><\/a><\/li><\/ul><\/li><li class=\"wp-block-navigation-item wp-block-navigation-link\"><a class=\"wp-block-navigation-item__content\"  href=\"https:\/\/niho.sk\/en\/co-je-hta\/\"><span class=\"wp-block-navigation-item__label\">What is HTA<\/span><\/a><\/li><li class=\"wp-block-navigation-item has-child wp-block-navigation-submenu\"><a class=\"wp-block-navigation-item__content\"><span class=\"wp-block-navigation-item__label\">Task of NIHO<\/span><\/a><ul class=\"wp-block-navigation__submenu-container wp-block-navigation-submenu\"><li class=\"wp-block-navigation-item wp-block-navigation-link\"><a class=\"wp-block-navigation-item__content\"  href=\"https:\/\/niho.sk\/en\/ako-funguje-system-na-slovensku\/\"><span class=\"wp-block-navigation-item__label\">How does the system of health technology reimbursement work in Slovakia?<\/span><\/a><\/li><li class=\"wp-block-navigation-item wp-block-navigation-link\"><a class=\"wp-block-navigation-item__content\"  href=\"https:\/\/niho.sk\/en\/ulohy-niho\/hlavna-uloha-a-dalsie-ulohy-niho\/\"><span class=\"wp-block-navigation-item__label\">The main task and future tasks of NIHO<\/span><\/a><\/li><\/ul><\/li><li class=\"wp-block-navigation-item wp-block-navigation-link\"><a class=\"wp-block-navigation-item__content\"  href=\"https:\/\/niho.sk\/en\/pracovna-metoda\/\"><span class=\"wp-block-navigation-item__label\">Methods<\/span><\/a><\/li><li class=\"wp-block-navigation-item wp-block-navigation-link\"><a class=\"wp-block-navigation-item__content\"  href=\"https:\/\/niho.sk\/en\/partnerske-organizacie\/\"><span class=\"wp-block-navigation-item__label\">Partner organizations<\/span><\/a><\/li><\/ul><\/nav><\/div>\n<\/div>\n<\/div>\n<\/div>\n<\/div>","protected":false},"excerpt":{"rendered":"<p>\u010co je NIHO ? Z\u00e1kladn\u00e1 charakteristika NIHO je nez\u00e1visl\u00e1 n\u00e1rodn\u00e1 HTA (Health Technology Assessment) in\u0161tit\u00facia, teda vykon\u00e1va hodnotenie zdravotn\u00edckych technol\u00f3gi\u00ed. M\u00e1 za \u00falohu prin\u00e1\u0161a\u0165 transparentnos\u0165 do rozhodovacieho procesu v&nbsp;oblasti zdravotn\u00edctva, predov\u0161etk\u00fdm v&nbsp;r\u00e1mci kategoriz\u00e1cie nov\u00fdch technol\u00f3gi\u00ed (preva\u017ene liekov a&nbsp;zdravotn\u00edckych pom\u00f4cok). Je to pr\u00e1vnick\u00e1 osoba, ktor\u00e1 sa nezapisuje do obchodn\u00e9ho registra, zriaden\u00e1 osobitn\u00fdm z\u00e1konom \u010d. 358\/2021 Z.z., [&hellip;]<\/p>\n","protected":false},"author":1,"featured_media":0,"parent":0,"menu_order":0,"comment_status":"closed","ping_status":"closed","template":"","meta":{"inline_featured_image":false,"footnotes":""},"class_list":["post-104","page","type-page","status-publish","hentry"],"_links":{"self":[{"href":"https:\/\/niho.sk\/en\/wp-json\/wp\/v2\/pages\/104","targetHints":{"allow":["GET"]}}],"collection":[{"href":"https:\/\/niho.sk\/en\/wp-json\/wp\/v2\/pages"}],"about":[{"href":"https:\/\/niho.sk\/en\/wp-json\/wp\/v2\/types\/page"}],"author":[{"embeddable":true,"href":"https:\/\/niho.sk\/en\/wp-json\/wp\/v2\/users\/1"}],"replies":[{"embeddable":true,"href":"https:\/\/niho.sk\/en\/wp-json\/wp\/v2\/comments?post=104"}],"version-history":[{"count":0,"href":"https:\/\/niho.sk\/en\/wp-json\/wp\/v2\/pages\/104\/revisions"}],"wp:attachment":[{"href":"https:\/\/niho.sk\/en\/wp-json\/wp\/v2\/media?parent=104"}],"curies":[{"name":"wp","href":"https:\/\/api.w.org\/{rel}","templated":true}]}}